{"id":1503,"date":"2023-06-07T18:04:19","date_gmt":"2023-06-07T18:04:19","guid":{"rendered":"\/?page_id=1503"},"modified":"2024-06-28T16:51:09","modified_gmt":"2024-06-28T16:51:09","slug":"resonancia-magnetica","status":"publish","type":"page","link":"https:\/\/laboratoriosanjose.com.ar\/index.php\/resonancia-magnetica\/","title":{"rendered":"Resonancia Magn\u00e9tica"},"content":{"rendered":"<div class=\"wpb-content-wrapper\">[mk_page_section layout_structure=\u00bbhalf_left\u00bb bg_image=\u00bbhttps:\/\/laboratoriosanjose.com.ar\/wp-content\/uploads\/2024\/06\/whatsapp-image-2024-06-28-at-13.46.15.jpeg\u00bb bg_color=\u00bb#0086c8&#8243; min_height=\u00bb300&#8243; full_width=\u00bbtrue\u00bb padding_top=\u00bb0&#8243; padding_bottom=\u00bb0&#8243; first_page=\u00bbtrue\u00bb last_page=\u00bbtrue\u00bb][vc_column css=\u00bb.vc_custom_1458677213011{padding-top: 100px !important;padding-bottom: 60px !important;}\u00bb][vc_column_text disable_pattern=\u00bbfalse\u00bb]\n<h1><span style=\"color: #ffffff;\">RESONANCIA MAGN\u00c9TICA<\/span><\/h1>\n[\/vc_column_text][\/vc_column][\/mk_page_section][mk_page_section min_height=\u00bb0&#8243; full_width=\u00bbtrue\u00bb padding_top=\u00bb0&#8243; padding_bottom=\u00bb0&#8243; sidebar=\u00bbsidebar-1&#8243; first_page=\u00bbfalse\u00bb last_page=\u00bbtrue\u00bb][vc_column][mk_divider style=\u00bbthin_solid\u00bb thickness=\u00bb10&#8243; margin_top=\u00bb0&#8243; margin_bottom=\u00bb0&#8243;][\/vc_column][\/mk_page_section][mk_page_section padding_top=\u00bb40&#8243; padding_bottom=\u00bb40&#8243; sidebar=\u00bbsidebar-1&#8243; first_page=\u00bbtrue\u00bb last_page=\u00bbtrue\u00bb][vc_column][mk_fancy_title color=\u00bb#393836&#8243; size=\u00bb30&#8243; font_style=\u00bbinhert\u00bb txt_transform=\u00bbnone\u00bb font_family=\u00bbnone\u00bb align=\u00bbcenter\u00bb]\n<p>Resonancia<\/p>\n[\/mk_fancy_title][vc_column_text align=\u00bbcenter\u00bb]<strong>La resonancia magn\u00e9tica es una forma de diagnostico no invasivo para examinar los \u00f3rganos, los tejidos y el sistema esquel\u00e9tico. Produce im\u00e1genes de alta resoluci\u00f3n del interior del cuerpo que ayudan a diagnosticar diversos problemas.<\/strong><\/p>\n<p>Durante el estudio RMN, el paciente se acuesta sobre una mesa que se desliza dentro del campo magn\u00e9tico, el cual produce ondas de radiofrecuencia para recoger las se\u00f1ales del n\u00facleo (centros) de los \u00e1tomos de hidr\u00f3geno del cuerpo humano.<\/p>\n<p>Los medios de contraste son utilizados para mejorar la visualizaci\u00f3n de estructuras en las im\u00e1genes producidas por el Resonador.<\/p>\n<p><strong><br \/>\n<\/strong><br \/>\nPara obtener las imagenes se utilizan un campo magn\u00e9tico y ondas de radio generadas por computadora para crear im\u00e1genes detalladas de lo que se desea estudiar.[\/vc_column_text][\/vc_column][\/mk_page_section][mk_page_section padding_top=\u00bb0&#8243; padding_bottom=\u00bb40&#8243; sidebar=\u00bbsidebar-1&#8243; first_page=\u00bbtrue\u00bb last_page=\u00bbtrue\u00bb][vc_column][vc_row_inner][vc_column_inner width=\u00bb1\/2&#8243;][vc_column_text]\n<ul>\n<li>Resonancia cerebral<\/li>\n<li>Resonancia cerebral con contraste<\/li>\n<li>Resonancia de cadera<\/li>\n<li>Resonancia de cadera con contraste<\/li>\n<li>Resonancia de codo<\/li>\n<li>Resonancia de codo con contraste<\/li>\n<li>Resonancia de columna cervical<\/li>\n<li>Resonancia de columna cervical con contraste<\/li>\n<li>Resonancia de columna cervico dorsal<\/li>\n<li>Resonancia de columna cervico dorsal con contraste<\/li>\n<li>Resonancia de columna dorsal<\/li>\n<li>Resonancia de columna dorsal con contraste<\/li>\n<li>Resonancia de columna dorso lumbo sacro coxigea<\/li>\n<li>Resonancia de columna dorso lumbo sacro coxigea con contraste<\/li>\n<li>Resonancia de columna lumbo sacro coxigea<\/li>\n<li>Resonancia de columna lumbo sacro coxigea con contraste<\/li>\n<li>Resonancia de columna total con contraste<\/li>\n<li>Resonancia de cuello<\/li>\n<li>Resonancia de cuello con contraste<\/li>\n<li>Resonancia de hombro con contraste -unilateral-<\/li>\n<li>Resonancia de hombro -unilateral-<\/li>\n<\/ul>\n[\/vc_column_text][\/vc_column_inner][vc_column_inner width=\u00bb1\/2&#8243;][vc_column_text]\n<ul>\n<li>Resonancia de mu\u00f1eca<\/li>\n<li>Resonancia de mu\u00f1eca con contraste<\/li>\n<li>Resonancia de muslo<\/li>\n<li>Resonancia de muslo con contraste<\/li>\n<li>Resonancia de otras articulaciones<\/li>\n<li>Resonancia de otras articulaciones con contraste<\/li>\n<li>Resonancia de otras regiones encefalicas<\/li>\n<li>Resonancia de otras regiones encefalicas con contraste<\/li>\n<li>Resonancia de otros organos y\/o regiones<\/li>\n<li>Resonancia de otros organos y\/o regiones con contraste<\/li>\n<li>Resonancia de pelvis \u00f3sea<\/li>\n<li>Resonancia de pelvis \u00f3sea con contraste<\/li>\n<li>Resonancia de pie o mano con contraste -unilateral-<\/li>\n<li>Resonancia de pie o mano -unilateral-<\/li>\n<li>Resonancia de pierna<\/li>\n<li>Resonancia de pierna con contraste<\/li>\n<li>Resonancia de rodilla con contraste -unilateral-<\/li>\n<li>Resonancia de rodilla -unilateral-<\/li>\n<li>Resonancia de tobillo<\/li>\n<li>Resonancia de tobillo con contraste<\/li>\n<li>Resonancia oftalmologica<\/li>\n<\/ul>\n[\/vc_column_text][\/vc_column_inner][\/vc_row_inner][\/vc_column][\/mk_page_section]\n<\/div>","protected":false},"excerpt":{"rendered":"<p>[mk_page_section layout_structure=\u00bbhalf_left\u00bb bg_image=\u00bbhttps:\/\/laboratoriosanjose.com.ar\/wp-content\/uploads\/2024\/06\/whatsapp-image-2024-06-28-at-13.46.15.jpeg\u00bb bg_color=\u00bb#0086c8&#8243; min_height=\u00bb300&#8243; full_width=\u00bbtrue\u00bb padding_top=\u00bb0&#8243; padding_bottom=\u00bb0&#8243; first_page=\u00bbtrue\u00bb last_page=\u00bbtrue\u00bb][vc_column css=\u00bb.vc_custom_1458677213011{padding-top: 100px !important;padding-bottom: 60px !important;}\u00bb][vc_column_text disable_pattern=\u00bbfalse\u00bb] RESONANCIA MAGN\u00c9TICA [\/vc_column_text][\/vc_column][\/mk_page_section][mk_page_section min_height=\u00bb0&#8243; full_width=\u00bbtrue\u00bb padding_top=\u00bb0&#8243; padding_bottom=\u00bb0&#8243; sidebar=\u00bbsidebar-1&#8243; first_page=\u00bbfalse\u00bb last_page=\u00bbtrue\u00bb][vc_column][mk_divider style=\u00bbthin_solid\u00bb thickness=\u00bb10&#8243; margin_top=\u00bb0&#8243; margin_bottom=\u00bb0&#8243;][\/vc_column][\/mk_page_section][mk_page_section padding_top=\u00bb40&#8243; padding_bottom=\u00bb40&#8243; sidebar=\u00bbsidebar-1&#8243; first_page=\u00bbtrue\u00bb last_page=\u00bbtrue\u00bb][vc_column][mk_fancy_title color=\u00bb#393836&#8243; size=\u00bb30&#8243; font_style=\u00bbinhert\u00bb txt_transform=\u00bbnone\u00bb font_family=\u00bbnone\u00bb align=\u00bbcenter\u00bb] Resonancia [\/mk_fancy_title][vc_column_text align=\u00bbcenter\u00bb]La resonancia magn\u00e9tica es una forma de diagnostico no invasivo para examinar [&hellip;]<\/p>\n","protected":false},"author":3,"featured_media":0,"parent":0,"menu_order":0,"comment_status":"closed","ping_status":"closed","template":"","meta":{"_joinchat":[],"footnotes":""},"class_list":["post-1503","page","type-page","status-publish","hentry"],"yoast_head":"<!-- This site is optimized with the Yoast SEO plugin v22.8 - https:\/\/yoast.com\/wordpress\/plugins\/seo\/ -->\n<title>Resonancia Magn\u00e9tica - LABORATORIO SAN JOSE<\/title>\n<meta name=\"robots\" content=\"index, follow, max-snippet:-1, max-image-preview:large, max-video-preview:-1\" \/>\n<link rel=\"canonical\" href=\"https:\/\/laboratoriosanjose.com.ar\/index.php\/resonancia-magnetica\/\" \/>\n<meta property=\"og:locale\" content=\"es_ES\" \/>\n<meta property=\"og:type\" content=\"article\" \/>\n<meta property=\"og:title\" content=\"Resonancia Magn\u00e9tica - LABORATORIO SAN JOSE\" \/>\n<meta property=\"og:description\" content=\"[mk_page_section layout_structure=\u00bbhalf_left\u00bb bg_image=\u00bbhttps:\/\/laboratoriosanjose.com.ar\/wp-content\/uploads\/2024\/06\/whatsapp-image-2024-06-28-at-13.46.15.jpeg\u00bb bg_color=\u00bb#0086c8&#8243; min_height=\u00bb300&#8243; full_width=\u00bbtrue\u00bb padding_top=\u00bb0&#8243; padding_bottom=\u00bb0&#8243; first_page=\u00bbtrue\u00bb last_page=\u00bbtrue\u00bb][vc_column css=\u00bb.vc_custom_1458677213011{padding-top: 100px !important;padding-bottom: 60px !important;}\u00bb][vc_column_text disable_pattern=\u00bbfalse\u00bb] RESONANCIA MAGN\u00c9TICA [\/vc_column_text][\/vc_column][\/mk_page_section][mk_page_section min_height=\u00bb0&#8243; full_width=\u00bbtrue\u00bb padding_top=\u00bb0&#8243; padding_bottom=\u00bb0&#8243; sidebar=\u00bbsidebar-1&#8243; first_page=\u00bbfalse\u00bb last_page=\u00bbtrue\u00bb][vc_column][mk_divider style=\u00bbthin_solid\u00bb thickness=\u00bb10&#8243; margin_top=\u00bb0&#8243; margin_bottom=\u00bb0&#8243;][\/vc_column][\/mk_page_section][mk_page_section padding_top=\u00bb40&#8243; padding_bottom=\u00bb40&#8243; sidebar=\u00bbsidebar-1&#8243; first_page=\u00bbtrue\u00bb last_page=\u00bbtrue\u00bb][vc_column][mk_fancy_title color=\u00bb#393836&#8243; size=\u00bb30&#8243; font_style=\u00bbinhert\u00bb txt_transform=\u00bbnone\u00bb font_family=\u00bbnone\u00bb align=\u00bbcenter\u00bb] Resonancia [\/mk_fancy_title][vc_column_text align=\u00bbcenter\u00bb]La resonancia magn\u00e9tica es una forma de diagnostico no invasivo para examinar [&hellip;]\" \/>\n<meta property=\"og:url\" content=\"https:\/\/laboratoriosanjose.com.ar\/index.php\/resonancia-magnetica\/\" \/>\n<meta property=\"og:site_name\" content=\"LABORATORIO SAN JOSE\" \/>\n<meta property=\"article:publisher\" content=\"https:\/\/www.facebook.com\/p\/Laboratorio-San-Jos-100064203063178\" \/>\n<meta property=\"article:modified_time\" content=\"2024-06-28T16:51:09+00:00\" \/>\n<meta property=\"og:image\" content=\"https:\/\/laboratoriosanjose.com.ar\/wp-content\/uploads\/2024\/04\/sanjose_logo.png\" \/>\n\t<meta property=\"og:image:width\" content=\"1836\" \/>\n\t<meta property=\"og:image:height\" content=\"372\" \/>\n\t<meta property=\"og:image:type\" content=\"image\/png\" \/>\n<meta name=\"twitter:card\" content=\"summary_large_image\" \/>\n<meta name=\"twitter:label1\" content=\"Tiempo de lectura\" \/>\n\t<meta name=\"twitter:data1\" content=\"2 minutos\" \/>\n<script type=\"application\/ld+json\" class=\"yoast-schema-graph\">{\"@context\":\"https:\/\/schema.org\",\"@graph\":[{\"@type\":\"WebPage\",\"@id\":\"https:\/\/laboratoriosanjose.com.ar\/index.php\/resonancia-magnetica\/\",\"url\":\"https:\/\/laboratoriosanjose.com.ar\/index.php\/resonancia-magnetica\/\",\"name\":\"Resonancia Magn\u00e9tica - LABORATORIO SAN JOSE\",\"isPartOf\":{\"@id\":\"https:\/\/laboratoriosanjose.com.ar\/#website\"},\"datePublished\":\"2023-06-07T18:04:19+00:00\",\"dateModified\":\"2024-06-28T16:51:09+00:00\",\"breadcrumb\":{\"@id\":\"https:\/\/laboratoriosanjose.com.ar\/index.php\/resonancia-magnetica\/#breadcrumb\"},\"inLanguage\":\"es\",\"potentialAction\":[{\"@type\":\"ReadAction\",\"target\":[\"https:\/\/laboratoriosanjose.com.ar\/index.php\/resonancia-magnetica\/\"]}]},{\"@type\":\"BreadcrumbList\",\"@id\":\"https:\/\/laboratoriosanjose.com.ar\/index.php\/resonancia-magnetica\/#breadcrumb\",\"itemListElement\":[{\"@type\":\"ListItem\",\"position\":1,\"name\":\"Portada\",\"item\":\"https:\/\/laboratoriosanjose.com.ar\/\"},{\"@type\":\"ListItem\",\"position\":2,\"name\":\"Resonancia Magn\u00e9tica\"}]},{\"@type\":\"WebSite\",\"@id\":\"https:\/\/laboratoriosanjose.com.ar\/#website\",\"url\":\"https:\/\/laboratoriosanjose.com.ar\/\",\"name\":\"Laboratorio San Jos\u00e9\",\"description\":\"Laboratorio San Jos\u00e9\",\"publisher\":{\"@id\":\"https:\/\/laboratoriosanjose.com.ar\/#organization\"},\"potentialAction\":[{\"@type\":\"SearchAction\",\"target\":{\"@type\":\"EntryPoint\",\"urlTemplate\":\"https:\/\/laboratoriosanjose.com.ar\/?s={search_term_string}\"},\"query-input\":\"required name=search_term_string\"}],\"inLanguage\":\"es\"},{\"@type\":\"Organization\",\"@id\":\"https:\/\/laboratoriosanjose.com.ar\/#organization\",\"name\":\"Laboratorio San Jos\u00e9\",\"url\":\"https:\/\/laboratoriosanjose.com.ar\/\",\"logo\":{\"@type\":\"ImageObject\",\"inLanguage\":\"es\",\"@id\":\"https:\/\/laboratoriosanjose.com.ar\/#\/schema\/logo\/image\/\",\"url\":\"https:\/\/laboratoriosanjose.com.ar\/wp-content\/uploads\/2024\/04\/sanjose_logo.png\",\"contentUrl\":\"https:\/\/laboratoriosanjose.com.ar\/wp-content\/uploads\/2024\/04\/sanjose_logo.png\",\"width\":1836,\"height\":372,\"caption\":\"Laboratorio San Jos\u00e9\"},\"image\":{\"@id\":\"https:\/\/laboratoriosanjose.com.ar\/#\/schema\/logo\/image\/\"},\"sameAs\":[\"https:\/\/www.facebook.com\/p\/Laboratorio-San-Jos-100064203063178\",\"https:\/\/www.instagram.com\/laboratoriosanjose\/\"]}]}<\/script>\n<!-- \/ Yoast SEO plugin. -->","yoast_head_json":{"title":"Resonancia Magn\u00e9tica - LABORATORIO SAN JOSE","robots":{"index":"index","follow":"follow","max-snippet":"max-snippet:-1","max-image-preview":"max-image-preview:large","max-video-preview":"max-video-preview:-1"},"canonical":"https:\/\/laboratoriosanjose.com.ar\/index.php\/resonancia-magnetica\/","og_locale":"es_ES","og_type":"article","og_title":"Resonancia Magn\u00e9tica - LABORATORIO SAN JOSE","og_description":"[mk_page_section layout_structure=\u00bbhalf_left\u00bb bg_image=\u00bbhttps:\/\/laboratoriosanjose.com.ar\/wp-content\/uploads\/2024\/06\/whatsapp-image-2024-06-28-at-13.46.15.jpeg\u00bb bg_color=\u00bb#0086c8&#8243; min_height=\u00bb300&#8243; full_width=\u00bbtrue\u00bb padding_top=\u00bb0&#8243; padding_bottom=\u00bb0&#8243; first_page=\u00bbtrue\u00bb last_page=\u00bbtrue\u00bb][vc_column css=\u00bb.vc_custom_1458677213011{padding-top: 100px !important;padding-bottom: 60px !important;}\u00bb][vc_column_text disable_pattern=\u00bbfalse\u00bb] RESONANCIA MAGN\u00c9TICA [\/vc_column_text][\/vc_column][\/mk_page_section][mk_page_section min_height=\u00bb0&#8243; full_width=\u00bbtrue\u00bb padding_top=\u00bb0&#8243; padding_bottom=\u00bb0&#8243; sidebar=\u00bbsidebar-1&#8243; first_page=\u00bbfalse\u00bb last_page=\u00bbtrue\u00bb][vc_column][mk_divider style=\u00bbthin_solid\u00bb thickness=\u00bb10&#8243; margin_top=\u00bb0&#8243; margin_bottom=\u00bb0&#8243;][\/vc_column][\/mk_page_section][mk_page_section padding_top=\u00bb40&#8243; padding_bottom=\u00bb40&#8243; sidebar=\u00bbsidebar-1&#8243; first_page=\u00bbtrue\u00bb last_page=\u00bbtrue\u00bb][vc_column][mk_fancy_title color=\u00bb#393836&#8243; size=\u00bb30&#8243; font_style=\u00bbinhert\u00bb txt_transform=\u00bbnone\u00bb font_family=\u00bbnone\u00bb align=\u00bbcenter\u00bb] Resonancia [\/mk_fancy_title][vc_column_text align=\u00bbcenter\u00bb]La resonancia magn\u00e9tica es una forma de diagnostico no invasivo para examinar [&hellip;]","og_url":"https:\/\/laboratoriosanjose.com.ar\/index.php\/resonancia-magnetica\/","og_site_name":"LABORATORIO SAN JOSE","article_publisher":"https:\/\/www.facebook.com\/p\/Laboratorio-San-Jos-100064203063178","article_modified_time":"2024-06-28T16:51:09+00:00","og_image":[{"width":1836,"height":372,"url":"https:\/\/laboratoriosanjose.com.ar\/wp-content\/uploads\/2024\/04\/sanjose_logo.png","type":"image\/png"}],"twitter_card":"summary_large_image","twitter_misc":{"Tiempo de lectura":"2 minutos"},"schema":{"@context":"https:\/\/schema.org","@graph":[{"@type":"WebPage","@id":"https:\/\/laboratoriosanjose.com.ar\/index.php\/resonancia-magnetica\/","url":"https:\/\/laboratoriosanjose.com.ar\/index.php\/resonancia-magnetica\/","name":"Resonancia Magn\u00e9tica - LABORATORIO SAN JOSE","isPartOf":{"@id":"https:\/\/laboratoriosanjose.com.ar\/#website"},"datePublished":"2023-06-07T18:04:19+00:00","dateModified":"2024-06-28T16:51:09+00:00","breadcrumb":{"@id":"https:\/\/laboratoriosanjose.com.ar\/index.php\/resonancia-magnetica\/#breadcrumb"},"inLanguage":"es","potentialAction":[{"@type":"ReadAction","target":["https:\/\/laboratoriosanjose.com.ar\/index.php\/resonancia-magnetica\/"]}]},{"@type":"BreadcrumbList","@id":"https:\/\/laboratoriosanjose.com.ar\/index.php\/resonancia-magnetica\/#breadcrumb","itemListElement":[{"@type":"ListItem","position":1,"name":"Portada","item":"https:\/\/laboratoriosanjose.com.ar\/"},{"@type":"ListItem","position":2,"name":"Resonancia Magn\u00e9tica"}]},{"@type":"WebSite","@id":"https:\/\/laboratoriosanjose.com.ar\/#website","url":"https:\/\/laboratoriosanjose.com.ar\/","name":"Laboratorio San Jos\u00e9","description":"Laboratorio San Jos\u00e9","publisher":{"@id":"https:\/\/laboratoriosanjose.com.ar\/#organization"},"potentialAction":[{"@type":"SearchAction","target":{"@type":"EntryPoint","urlTemplate":"https:\/\/laboratoriosanjose.com.ar\/?s={search_term_string}"},"query-input":"required name=search_term_string"}],"inLanguage":"es"},{"@type":"Organization","@id":"https:\/\/laboratoriosanjose.com.ar\/#organization","name":"Laboratorio San Jos\u00e9","url":"https:\/\/laboratoriosanjose.com.ar\/","logo":{"@type":"ImageObject","inLanguage":"es","@id":"https:\/\/laboratoriosanjose.com.ar\/#\/schema\/logo\/image\/","url":"https:\/\/laboratoriosanjose.com.ar\/wp-content\/uploads\/2024\/04\/sanjose_logo.png","contentUrl":"https:\/\/laboratoriosanjose.com.ar\/wp-content\/uploads\/2024\/04\/sanjose_logo.png","width":1836,"height":372,"caption":"Laboratorio San Jos\u00e9"},"image":{"@id":"https:\/\/laboratoriosanjose.com.ar\/#\/schema\/logo\/image\/"},"sameAs":["https:\/\/www.facebook.com\/p\/Laboratorio-San-Jos-100064203063178","https:\/\/www.instagram.com\/laboratoriosanjose\/"]}]}},"_links":{"self":[{"href":"https:\/\/laboratoriosanjose.com.ar\/index.php\/wp-json\/wp\/v2\/pages\/1503","targetHints":{"allow":["GET"]}}],"collection":[{"href":"https:\/\/laboratoriosanjose.com.ar\/index.php\/wp-json\/wp\/v2\/pages"}],"about":[{"href":"https:\/\/laboratoriosanjose.com.ar\/index.php\/wp-json\/wp\/v2\/types\/page"}],"author":[{"embeddable":true,"href":"https:\/\/laboratoriosanjose.com.ar\/index.php\/wp-json\/wp\/v2\/users\/3"}],"replies":[{"embeddable":true,"href":"https:\/\/laboratoriosanjose.com.ar\/index.php\/wp-json\/wp\/v2\/comments?post=1503"}],"version-history":[{"count":2,"href":"https:\/\/laboratoriosanjose.com.ar\/index.php\/wp-json\/wp\/v2\/pages\/1503\/revisions"}],"predecessor-version":[{"id":1783,"href":"https:\/\/laboratoriosanjose.com.ar\/index.php\/wp-json\/wp\/v2\/pages\/1503\/revisions\/1783"}],"wp:attachment":[{"href":"https:\/\/laboratoriosanjose.com.ar\/index.php\/wp-json\/wp\/v2\/media?parent=1503"}],"curies":[{"name":"wp","href":"https:\/\/api.w.org\/{rel}","templated":true}]}}