{"id":1507,"date":"2023-06-07T18:10:57","date_gmt":"2023-06-07T18:10:57","guid":{"rendered":"\/?page_id=1507"},"modified":"2023-06-07T18:10:57","modified_gmt":"2023-06-07T18:10:57","slug":"prestaciones-para-empresas-de-medicina-laboral","status":"publish","type":"page","link":"https:\/\/laboratoriosanjose.com.ar\/index.php\/prestaciones-para-empresas-de-medicina-laboral\/","title":{"rendered":"Prestaciones para empresas de medicina laboral"},"content":{"rendered":"[mk_page_section layout_structure=\u00bbhalf_left\u00bb bg_image=\u00bb\/wp-content\/uploads\/2023\/06\/foto2-6.jpg\u00bb attachment=\u00bbscroll\u00bb bg_position=\u00bbcenter bottom\u00bb bg_repeat=\u00bbno-repeat\u00bb bg_stretch=\u00bbfalse\u00bb enable_3d=\u00bbfalse\u00bb speed_factor=\u00bb0.3&#8243; bg_video=\u00bbno\u00bb video_source=\u00bbself\u00bb stream_host_website=\u00bbyoutube\u00bb video_mask=\u00bbfalse\u00bb bg_gradient=\u00bbfalse\u00bb gr_end=\u00bb#1e73be\u00bb video_opacity=\u00bb0.6&#8243; top_shadow=\u00bbfalse\u00bb section_layout=\u00bbfull\u00bb sidebar=\u00bbsidebar-1&#8243; min_height=\u00bb300&#8243; full_width=\u00bbtrue\u00bb full_height=\u00bbfalse\u00bb intro_effect=\u00bbfalse\u00bb padding_top=\u00bb0&#8243; padding_bottom=\u00bb0&#8243; margin_bottom=\u00bb0&#8243; first_page=\u00bbtrue\u00bb last_page=\u00bbtrue\u00bb bg_color=\u00bb#0086c8&#8243;][vc_column width=\u00bb1\/1&#8243; css=\u00bb.vc_custom_1458677213011{padding-top: 100px !important;padding-bottom: 60px !important;}\u00bb][vc_column_text disable_pattern=\u00bbfalse\u00bb align=\u00bbleft\u00bb margin_bottom=\u00bb0&#8243;]\n<h1><span style=\"color: #ffffff;\">PRESTACIONES PARA EMPRESAS<br \/>\nDE MEDICINA LABORAL<\/span><\/h1>\n[\/vc_column_text][\/vc_column][\/mk_page_section][mk_page_section layout_structure=\u00bbfull\u00bb attachment=\u00bbscroll\u00bb bg_position=\u00bbleft top\u00bb bg_repeat=\u00bbrepeat\u00bb bg_stretch=\u00bbfalse\u00bb enable_3d=\u00bbfalse\u00bb speed_factor=\u00bb0.3&#8243; bg_video=\u00bbno\u00bb video_source=\u00bbself\u00bb stream_host_website=\u00bbyoutube\u00bb video_mask=\u00bbfalse\u00bb bg_gradient=\u00bbfalse\u00bb gr_end=\u00bb#1e73be\u00bb video_opacity=\u00bb0.6&#8243; top_shadow=\u00bbfalse\u00bb section_layout=\u00bbfull\u00bb sidebar=\u00bbsidebar-1&#8243; min_height=\u00bb0&#8243; full_width=\u00bbtrue\u00bb full_height=\u00bbfalse\u00bb intro_effect=\u00bbfalse\u00bb padding_top=\u00bb0&#8243; padding_bottom=\u00bb0&#8243; margin_bottom=\u00bb0&#8243; first_page=\u00bbfalse\u00bb last_page=\u00bbtrue\u00bb][vc_column width=\u00bb1\/1&#8243;][mk_divider style=\u00bbthin_solid\u00bb divider_width=\u00bbfull_width\u00bb custom_width=\u00bb10&#8243; align=\u00bbcenter\u00bb border_color=\u00bb#0086c8&#8243; thickness=\u00bb10&#8243; margin_top=\u00bb0&#8243; margin_bottom=\u00bb0&#8243;][\/vc_column][\/mk_page_section][mk_page_section layout_structure=\u00bbfull\u00bb attachment=\u00bbscroll\u00bb bg_position=\u00bbleft top\u00bb bg_repeat=\u00bbrepeat\u00bb bg_stretch=\u00bbfalse\u00bb enable_3d=\u00bbfalse\u00bb speed_factor=\u00bb0.3&#8243; bg_video=\u00bbno\u00bb video_source=\u00bbself\u00bb stream_host_website=\u00bbyoutube\u00bb video_mask=\u00bbfalse\u00bb bg_gradient=\u00bbfalse\u00bb gr_end=\u00bb#1e73be\u00bb video_opacity=\u00bb0.6&#8243; top_shadow=\u00bbfalse\u00bb section_layout=\u00bbfull\u00bb sidebar=\u00bbsidebar-1&#8243; min_height=\u00bb100&#8243; full_width=\u00bbfalse\u00bb full_height=\u00bbfalse\u00bb intro_effect=\u00bbfalse\u00bb padding_top=\u00bb40&#8243; padding_bottom=\u00bb40&#8243; margin_bottom=\u00bb0&#8243; first_page=\u00bbtrue\u00bb last_page=\u00bbtrue\u00bb][vc_column width=\u00bb1\/1&#8243;][mk_fancy_title tag_name=\u00bbh2&#8243; style=\u00bbfalse\u00bb color=\u00bb#393836&#8243; size=\u00bb30&#8243; font_weight=\u00bbinherit\u00bb font_style=\u00bbinhert\u00bb letter_spacing=\u00bb0&#8243; margin_top=\u00bb0&#8243; margin_bottom=\u00bb20&#8243; font_family=\u00bbnone\u00bb align=\u00bbcenter\u00bb txt_transform=\u00bbnone\u00bb]\n<p>Prestaciones para empresas de medicina laboral<\/p>\n[\/mk_fancy_title][vc_column_text disable_pattern=\u00bbtrue\u00bb align=\u00bbleft\u00bb margin_bottom=\u00bb0&#8243;]Laboratorio\u00a0<span class=\"il\">San<\/span>\u00a0<span class=\"il\">Jos<\/span>\u00e9 cuenta con una divisi\u00f3n dedicada a la prestaci\u00f3n de diagnostico de empresas de medicina del trabajo que consta de los siguientes servicios:<\/p>\n<ul>\n<li>Personal t\u00e9cnico dedicado en su centro a cargo de nuestra instituci\u00f3n.<\/li>\n<li>Recolecci\u00f3n y manipulaci\u00f3n de muestras bajo normas de bioseguridad<\/li>\n<li>Traslado del material biol\u00f3gico con m\u00f3viles propios.<\/li>\n<li>Suministro de material descartable e insumos de laboratorio.<\/li>\n<li>Entrega de resultados dentro de las 24hs. (Rutinas, Drogas, Perfil tiroideos, Perfil lip\u00eddico, Hepatitis, PSA, Marcadores oncol\u00f3gicos).<\/li>\n<li>Cronograma de tiempos de entrega del restos de las determinaciones de laboratorio.<\/li>\n<li>Provisi\u00f3n y asesoramiento del material administrativo necesario: horarios de ayuno, preparaciones o instructivos para las practica bioqu\u00edmicas, consentimientos informados.<\/li>\n<li>Envi\u00f3 de resultados acorde a la necesidad del cliente:\n<ul>\n<li>En forma impresa<\/li>\n<li>V\u00eda mail en formato PDF.<\/li>\n<li>Visualizaci\u00f3n y\/o descarga en portal WEB (con datos hist\u00f3ricos y curvas de evoluci\u00f3n).<\/li>\n<\/ul>\n<\/li>\n<li>Atenci\u00f3n personalizada con profesionales del \u00e1rea de diagnostico.<\/li>\n<li>Catastros en planta, extracciones a domicilio en Capital Federal y GBA.<\/li>\n<\/ul>\n[\/vc_column_text][\/vc_column][\/mk_page_section]\n","protected":false},"excerpt":{"rendered":"<p>[mk_page_section layout_structure=\u00bbhalf_left\u00bb bg_image=\u00bb\/wp-content\/uploads\/2023\/06\/foto2-6.jpg\u00bb attachment=\u00bbscroll\u00bb bg_position=\u00bbcenter bottom\u00bb bg_repeat=\u00bbno-repeat\u00bb bg_stretch=\u00bbfalse\u00bb enable_3d=\u00bbfalse\u00bb speed_factor=\u00bb0.3&#8243; bg_video=\u00bbno\u00bb video_source=\u00bbself\u00bb stream_host_website=\u00bbyoutube\u00bb video_mask=\u00bbfalse\u00bb bg_gradient=\u00bbfalse\u00bb gr_end=\u00bb#1e73be\u00bb video_opacity=\u00bb0.6&#8243; top_shadow=\u00bbfalse\u00bb section_layout=\u00bbfull\u00bb sidebar=\u00bbsidebar-1&#8243; min_height=\u00bb300&#8243; full_width=\u00bbtrue\u00bb full_height=\u00bbfalse\u00bb intro_effect=\u00bbfalse\u00bb padding_top=\u00bb0&#8243; padding_bottom=\u00bb0&#8243; margin_bottom=\u00bb0&#8243; first_page=\u00bbtrue\u00bb last_page=\u00bbtrue\u00bb bg_color=\u00bb#0086c8&#8243;][vc_column width=\u00bb1\/1&#8243; css=\u00bb.vc_custom_1458677213011{padding-top: 100px !important;padding-bottom: 60px !important;}\u00bb][vc_column_text disable_pattern=\u00bbfalse\u00bb align=\u00bbleft\u00bb margin_bottom=\u00bb0&#8243;] PRESTACIONES PARA EMPRESAS DE MEDICINA LABORAL [\/vc_column_text][\/vc_column][\/mk_page_section][mk_page_section layout_structure=\u00bbfull\u00bb attachment=\u00bbscroll\u00bb bg_position=\u00bbleft top\u00bb bg_repeat=\u00bbrepeat\u00bb bg_stretch=\u00bbfalse\u00bb enable_3d=\u00bbfalse\u00bb speed_factor=\u00bb0.3&#8243; bg_video=\u00bbno\u00bb [&hellip;]<\/p>\n","protected":false},"author":3,"featured_media":0,"parent":0,"menu_order":0,"comment_status":"closed","ping_status":"closed","template":"","meta":{"_joinchat":[],"footnotes":""},"class_list":["post-1507","page","type-page","status-publish","hentry"],"yoast_head":"<!-- This site is optimized with the Yoast SEO plugin v22.8 - https:\/\/yoast.com\/wordpress\/plugins\/seo\/ -->\n<title>Prestaciones para empresas de medicina laboral - LABORATORIO SAN JOSE<\/title>\n<meta name=\"robots\" content=\"index, follow, max-snippet:-1, max-image-preview:large, max-video-preview:-1\" \/>\n<link rel=\"canonical\" href=\"https:\/\/laboratoriosanjose.com.ar\/index.php\/prestaciones-para-empresas-de-medicina-laboral\/\" \/>\n<meta property=\"og:locale\" content=\"es_ES\" \/>\n<meta property=\"og:type\" content=\"article\" \/>\n<meta property=\"og:title\" content=\"Prestaciones para empresas de medicina laboral - LABORATORIO SAN JOSE\" \/>\n<meta property=\"og:description\" content=\"[mk_page_section layout_structure=\u00bbhalf_left\u00bb bg_image=\u00bb\/wp-content\/uploads\/2023\/06\/foto2-6.jpg\u00bb attachment=\u00bbscroll\u00bb bg_position=\u00bbcenter bottom\u00bb bg_repeat=\u00bbno-repeat\u00bb bg_stretch=\u00bbfalse\u00bb enable_3d=\u00bbfalse\u00bb speed_factor=\u00bb0.3&#8243; bg_video=\u00bbno\u00bb video_source=\u00bbself\u00bb stream_host_website=\u00bbyoutube\u00bb video_mask=\u00bbfalse\u00bb bg_gradient=\u00bbfalse\u00bb gr_end=\u00bb#1e73be\u00bb video_opacity=\u00bb0.6&#8243; top_shadow=\u00bbfalse\u00bb section_layout=\u00bbfull\u00bb sidebar=\u00bbsidebar-1&#8243; min_height=\u00bb300&#8243; full_width=\u00bbtrue\u00bb full_height=\u00bbfalse\u00bb intro_effect=\u00bbfalse\u00bb padding_top=\u00bb0&#8243; padding_bottom=\u00bb0&#8243; margin_bottom=\u00bb0&#8243; first_page=\u00bbtrue\u00bb last_page=\u00bbtrue\u00bb bg_color=\u00bb#0086c8&#8243;][vc_column width=\u00bb1\/1&#8243; css=\u00bb.vc_custom_1458677213011{padding-top: 100px !important;padding-bottom: 60px !important;}\u00bb][vc_column_text disable_pattern=\u00bbfalse\u00bb align=\u00bbleft\u00bb margin_bottom=\u00bb0&#8243;] PRESTACIONES PARA EMPRESAS DE MEDICINA LABORAL [\/vc_column_text][\/vc_column][\/mk_page_section][mk_page_section layout_structure=\u00bbfull\u00bb attachment=\u00bbscroll\u00bb bg_position=\u00bbleft top\u00bb bg_repeat=\u00bbrepeat\u00bb bg_stretch=\u00bbfalse\u00bb enable_3d=\u00bbfalse\u00bb speed_factor=\u00bb0.3&#8243; bg_video=\u00bbno\u00bb [&hellip;]\" \/>\n<meta property=\"og:url\" content=\"https:\/\/laboratoriosanjose.com.ar\/index.php\/prestaciones-para-empresas-de-medicina-laboral\/\" \/>\n<meta property=\"og:site_name\" content=\"LABORATORIO SAN JOSE\" \/>\n<meta property=\"article:publisher\" content=\"https:\/\/www.facebook.com\/p\/Laboratorio-San-Jos-100064203063178\" \/>\n<meta property=\"og:image\" content=\"https:\/\/laboratoriosanjose.com.ar\/wp-content\/uploads\/2024\/04\/sanjose_logo.png\" \/>\n\t<meta property=\"og:image:width\" content=\"1836\" \/>\n\t<meta property=\"og:image:height\" content=\"372\" \/>\n\t<meta property=\"og:image:type\" content=\"image\/png\" \/>\n<meta name=\"twitter:card\" content=\"summary_large_image\" \/>\n<meta name=\"twitter:label1\" content=\"Tiempo de lectura\" \/>\n\t<meta name=\"twitter:data1\" content=\"3 minutos\" \/>\n<script type=\"application\/ld+json\" class=\"yoast-schema-graph\">{\"@context\":\"https:\/\/schema.org\",\"@graph\":[{\"@type\":\"WebPage\",\"@id\":\"https:\/\/laboratoriosanjose.com.ar\/index.php\/prestaciones-para-empresas-de-medicina-laboral\/\",\"url\":\"https:\/\/laboratoriosanjose.com.ar\/index.php\/prestaciones-para-empresas-de-medicina-laboral\/\",\"name\":\"Prestaciones para empresas de medicina laboral - LABORATORIO SAN JOSE\",\"isPartOf\":{\"@id\":\"https:\/\/laboratoriosanjose.com.ar\/#website\"},\"datePublished\":\"2023-06-07T18:10:57+00:00\",\"dateModified\":\"2023-06-07T18:10:57+00:00\",\"breadcrumb\":{\"@id\":\"https:\/\/laboratoriosanjose.com.ar\/index.php\/prestaciones-para-empresas-de-medicina-laboral\/#breadcrumb\"},\"inLanguage\":\"es\",\"potentialAction\":[{\"@type\":\"ReadAction\",\"target\":[\"https:\/\/laboratoriosanjose.com.ar\/index.php\/prestaciones-para-empresas-de-medicina-laboral\/\"]}]},{\"@type\":\"BreadcrumbList\",\"@id\":\"https:\/\/laboratoriosanjose.com.ar\/index.php\/prestaciones-para-empresas-de-medicina-laboral\/#breadcrumb\",\"itemListElement\":[{\"@type\":\"ListItem\",\"position\":1,\"name\":\"Portada\",\"item\":\"https:\/\/laboratoriosanjose.com.ar\/\"},{\"@type\":\"ListItem\",\"position\":2,\"name\":\"Prestaciones para empresas de medicina laboral\"}]},{\"@type\":\"WebSite\",\"@id\":\"https:\/\/laboratoriosanjose.com.ar\/#website\",\"url\":\"https:\/\/laboratoriosanjose.com.ar\/\",\"name\":\"Laboratorio San Jos\u00e9\",\"description\":\"Laboratorio San Jos\u00e9\",\"publisher\":{\"@id\":\"https:\/\/laboratoriosanjose.com.ar\/#organization\"},\"potentialAction\":[{\"@type\":\"SearchAction\",\"target\":{\"@type\":\"EntryPoint\",\"urlTemplate\":\"https:\/\/laboratoriosanjose.com.ar\/?s={search_term_string}\"},\"query-input\":\"required name=search_term_string\"}],\"inLanguage\":\"es\"},{\"@type\":\"Organization\",\"@id\":\"https:\/\/laboratoriosanjose.com.ar\/#organization\",\"name\":\"Laboratorio San Jos\u00e9\",\"url\":\"https:\/\/laboratoriosanjose.com.ar\/\",\"logo\":{\"@type\":\"ImageObject\",\"inLanguage\":\"es\",\"@id\":\"https:\/\/laboratoriosanjose.com.ar\/#\/schema\/logo\/image\/\",\"url\":\"https:\/\/laboratoriosanjose.com.ar\/wp-content\/uploads\/2024\/04\/sanjose_logo.png\",\"contentUrl\":\"https:\/\/laboratoriosanjose.com.ar\/wp-content\/uploads\/2024\/04\/sanjose_logo.png\",\"width\":1836,\"height\":372,\"caption\":\"Laboratorio San Jos\u00e9\"},\"image\":{\"@id\":\"https:\/\/laboratoriosanjose.com.ar\/#\/schema\/logo\/image\/\"},\"sameAs\":[\"https:\/\/www.facebook.com\/p\/Laboratorio-San-Jos-100064203063178\",\"https:\/\/www.instagram.com\/laboratoriosanjose\/\"]}]}<\/script>\n<!-- \/ Yoast SEO plugin. -->","yoast_head_json":{"title":"Prestaciones para empresas de medicina laboral - LABORATORIO SAN JOSE","robots":{"index":"index","follow":"follow","max-snippet":"max-snippet:-1","max-image-preview":"max-image-preview:large","max-video-preview":"max-video-preview:-1"},"canonical":"https:\/\/laboratoriosanjose.com.ar\/index.php\/prestaciones-para-empresas-de-medicina-laboral\/","og_locale":"es_ES","og_type":"article","og_title":"Prestaciones para empresas de medicina laboral - LABORATORIO SAN JOSE","og_description":"[mk_page_section layout_structure=\u00bbhalf_left\u00bb bg_image=\u00bb\/wp-content\/uploads\/2023\/06\/foto2-6.jpg\u00bb attachment=\u00bbscroll\u00bb bg_position=\u00bbcenter bottom\u00bb bg_repeat=\u00bbno-repeat\u00bb bg_stretch=\u00bbfalse\u00bb enable_3d=\u00bbfalse\u00bb speed_factor=\u00bb0.3&#8243; bg_video=\u00bbno\u00bb video_source=\u00bbself\u00bb stream_host_website=\u00bbyoutube\u00bb video_mask=\u00bbfalse\u00bb bg_gradient=\u00bbfalse\u00bb gr_end=\u00bb#1e73be\u00bb video_opacity=\u00bb0.6&#8243; top_shadow=\u00bbfalse\u00bb section_layout=\u00bbfull\u00bb sidebar=\u00bbsidebar-1&#8243; min_height=\u00bb300&#8243; full_width=\u00bbtrue\u00bb full_height=\u00bbfalse\u00bb intro_effect=\u00bbfalse\u00bb padding_top=\u00bb0&#8243; padding_bottom=\u00bb0&#8243; margin_bottom=\u00bb0&#8243; first_page=\u00bbtrue\u00bb last_page=\u00bbtrue\u00bb bg_color=\u00bb#0086c8&#8243;][vc_column width=\u00bb1\/1&#8243; css=\u00bb.vc_custom_1458677213011{padding-top: 100px !important;padding-bottom: 60px !important;}\u00bb][vc_column_text disable_pattern=\u00bbfalse\u00bb align=\u00bbleft\u00bb margin_bottom=\u00bb0&#8243;] PRESTACIONES PARA EMPRESAS DE MEDICINA LABORAL [\/vc_column_text][\/vc_column][\/mk_page_section][mk_page_section layout_structure=\u00bbfull\u00bb attachment=\u00bbscroll\u00bb bg_position=\u00bbleft top\u00bb bg_repeat=\u00bbrepeat\u00bb bg_stretch=\u00bbfalse\u00bb enable_3d=\u00bbfalse\u00bb speed_factor=\u00bb0.3&#8243; bg_video=\u00bbno\u00bb [&hellip;]","og_url":"https:\/\/laboratoriosanjose.com.ar\/index.php\/prestaciones-para-empresas-de-medicina-laboral\/","og_site_name":"LABORATORIO SAN JOSE","article_publisher":"https:\/\/www.facebook.com\/p\/Laboratorio-San-Jos-100064203063178","og_image":[{"width":1836,"height":372,"url":"https:\/\/laboratoriosanjose.com.ar\/wp-content\/uploads\/2024\/04\/sanjose_logo.png","type":"image\/png"}],"twitter_card":"summary_large_image","twitter_misc":{"Tiempo de lectura":"3 minutos"},"schema":{"@context":"https:\/\/schema.org","@graph":[{"@type":"WebPage","@id":"https:\/\/laboratoriosanjose.com.ar\/index.php\/prestaciones-para-empresas-de-medicina-laboral\/","url":"https:\/\/laboratoriosanjose.com.ar\/index.php\/prestaciones-para-empresas-de-medicina-laboral\/","name":"Prestaciones para empresas de medicina laboral - LABORATORIO SAN JOSE","isPartOf":{"@id":"https:\/\/laboratoriosanjose.com.ar\/#website"},"datePublished":"2023-06-07T18:10:57+00:00","dateModified":"2023-06-07T18:10:57+00:00","breadcrumb":{"@id":"https:\/\/laboratoriosanjose.com.ar\/index.php\/prestaciones-para-empresas-de-medicina-laboral\/#breadcrumb"},"inLanguage":"es","potentialAction":[{"@type":"ReadAction","target":["https:\/\/laboratoriosanjose.com.ar\/index.php\/prestaciones-para-empresas-de-medicina-laboral\/"]}]},{"@type":"BreadcrumbList","@id":"https:\/\/laboratoriosanjose.com.ar\/index.php\/prestaciones-para-empresas-de-medicina-laboral\/#breadcrumb","itemListElement":[{"@type":"ListItem","position":1,"name":"Portada","item":"https:\/\/laboratoriosanjose.com.ar\/"},{"@type":"ListItem","position":2,"name":"Prestaciones para empresas de medicina laboral"}]},{"@type":"WebSite","@id":"https:\/\/laboratoriosanjose.com.ar\/#website","url":"https:\/\/laboratoriosanjose.com.ar\/","name":"Laboratorio San Jos\u00e9","description":"Laboratorio San Jos\u00e9","publisher":{"@id":"https:\/\/laboratoriosanjose.com.ar\/#organization"},"potentialAction":[{"@type":"SearchAction","target":{"@type":"EntryPoint","urlTemplate":"https:\/\/laboratoriosanjose.com.ar\/?s={search_term_string}"},"query-input":"required name=search_term_string"}],"inLanguage":"es"},{"@type":"Organization","@id":"https:\/\/laboratoriosanjose.com.ar\/#organization","name":"Laboratorio San Jos\u00e9","url":"https:\/\/laboratoriosanjose.com.ar\/","logo":{"@type":"ImageObject","inLanguage":"es","@id":"https:\/\/laboratoriosanjose.com.ar\/#\/schema\/logo\/image\/","url":"https:\/\/laboratoriosanjose.com.ar\/wp-content\/uploads\/2024\/04\/sanjose_logo.png","contentUrl":"https:\/\/laboratoriosanjose.com.ar\/wp-content\/uploads\/2024\/04\/sanjose_logo.png","width":1836,"height":372,"caption":"Laboratorio San Jos\u00e9"},"image":{"@id":"https:\/\/laboratoriosanjose.com.ar\/#\/schema\/logo\/image\/"},"sameAs":["https:\/\/www.facebook.com\/p\/Laboratorio-San-Jos-100064203063178","https:\/\/www.instagram.com\/laboratoriosanjose\/"]}]}},"_links":{"self":[{"href":"https:\/\/laboratoriosanjose.com.ar\/index.php\/wp-json\/wp\/v2\/pages\/1507","targetHints":{"allow":["GET"]}}],"collection":[{"href":"https:\/\/laboratoriosanjose.com.ar\/index.php\/wp-json\/wp\/v2\/pages"}],"about":[{"href":"https:\/\/laboratoriosanjose.com.ar\/index.php\/wp-json\/wp\/v2\/types\/page"}],"author":[{"embeddable":true,"href":"https:\/\/laboratoriosanjose.com.ar\/index.php\/wp-json\/wp\/v2\/users\/3"}],"replies":[{"embeddable":true,"href":"https:\/\/laboratoriosanjose.com.ar\/index.php\/wp-json\/wp\/v2\/comments?post=1507"}],"version-history":[{"count":0,"href":"https:\/\/laboratoriosanjose.com.ar\/index.php\/wp-json\/wp\/v2\/pages\/1507\/revisions"}],"wp:attachment":[{"href":"https:\/\/laboratoriosanjose.com.ar\/index.php\/wp-json\/wp\/v2\/media?parent=1507"}],"curies":[{"name":"wp","href":"https:\/\/api.w.org\/{rel}","templated":true}]}}