{"id":1605,"date":"2024-04-26T21:16:50","date_gmt":"2024-04-26T21:16:50","guid":{"rendered":"\/?page_id=1591"},"modified":"2024-07-18T11:17:07","modified_gmt":"2024-07-18T11:17:07","slug":"inicio","status":"publish","type":"page","link":"https:\/\/laboratoriosanjose.com.ar\/","title":{"rendered":"Inicio"},"content":{"rendered":"[mk_page_section bg_color=\u00bb#f4f4f4&#8243; bg_stretch=\u00bbtrue\u00bb min_height=\u00bb0&#8243; full_width=\u00bbtrue\u00bb padding_top=\u00bb0&#8243; padding_bottom=\u00bb0&#8243; visibility=\u00bbhidden-sm\u00bb sidebar=\u00bbsidebar-1&#8243; first_page=\u00bbtrue\u00bb last_page=\u00bbtrue\u00bb][vc_column][vc_column_text disable_pattern=\u00bbfalse\u00bb align=\u00bbcenter\u00bb css=\u00bb.vc_custom_1714167829792{margin-bottom: 0px !important;}\u00bb]<div id=\"metaslider-id-1620\" style=\"width: 100%;\" class=\"ml-slider-3-98-0 metaslider metaslider-flex metaslider-1620 ml-slider ms-theme-default nav-hidden\" role=\"region\" aria-roledescription=\"Slideshow\" aria-label=\"Home\" data-width=\"1920\">\n    <div id=\"metaslider_container_1620\">\n        <div id=\"metaslider_1620\">\n            <ul class='slides'>\n                <li style=\"display: block; width: 100%;\" class=\"slide-1622 ms-image \" aria-roledescription=\"slide\" aria-label=\"slide-1622\" data-date=\"2024-04-23 16:03:36\"><a href=\"https:\/\/laboratoriosanjose.com.ar\/index.php\/solicitudes\/\" target=\"_self\" aria-label=\"View Slide Details\" class=\"metaslider_image_link\"><img loading=\"lazy\" decoding=\"async\" src=\"https:\/\/laboratoriosanjose.com.ar\/wp-content\/uploads\/2021\/04\/banners-nuevos-web-LSJ6-06-1920x400.png\" height=\"400\" width=\"1920\" alt=\"\" class=\"slider-1620 slide-1622\" title=\"banners nuevos web LSJ6-06\" \/><\/a><\/li>\n                <li style=\"display: none; width: 100%;\" class=\"slide-1623 ms-image \" aria-roledescription=\"slide\" aria-label=\"slide-1623\" data-date=\"2024-04-23 16:03:36\"><a href=\"https:\/\/laboratoriosanjose.com.ar\/index.php\/laboratorio\/\" target=\"_self\" aria-label=\"View Slide Details\" class=\"metaslider_image_link\"><img loading=\"lazy\" decoding=\"async\" src=\"https:\/\/laboratoriosanjose.com.ar\/wp-content\/uploads\/2021\/04\/banners-nuevos-web-LSJ-04-1920x400.png\" height=\"400\" width=\"1920\" alt=\"\" class=\"slider-1620 slide-1623\" title=\"banners nuevos web LSJ-04\" \/><\/a><\/li>\n                <li style=\"display: none; width: 100%;\" class=\"slide-1621 ms-image \" aria-roledescription=\"slide\" aria-label=\"slide-1621\" data-date=\"2024-04-23 16:03:36\"><img loading=\"lazy\" decoding=\"async\" src=\"https:\/\/laboratoriosanjose.com.ar\/wp-content\/uploads\/2024\/06\/banners-nuevos-web-lsj5-0511.png\" height=\"400\" width=\"1920\" alt=\"\" class=\"slider-1620 slide-1621\" title=\"banners-nuevos-web-lsj5-0511\" \/><\/li>\n                <li style=\"display: none; width: 100%;\" class=\"slide-1762 ms-image \" aria-roledescription=\"slide\" aria-label=\"slide-1762\" data-date=\"2024-06-28 12:49:08\"><a href=\"https:\/\/laboratoriosanjose.com.ar\/index.php\/calidad\/\" target=\"_self\" aria-label=\"View Slide Details\" class=\"metaslider_image_link\"><img loading=\"lazy\" decoding=\"async\" src=\"https:\/\/laboratoriosanjose.com.ar\/wp-content\/uploads\/2024\/06\/iso.png\" height=\"400\" width=\"1920\" alt=\"\" class=\"slider-1620 slide-1762\" title=\"iso\" \/><\/a><\/li>\n            <\/ul>\n        <\/div>\n        \n    <\/div>\n<\/div>[\/vc_column_text][\/vc_column][\/mk_page_section][mk_page_section bg_color=\u00bb#f4f4f4&#8243; bg_stretch=\u00bbtrue\u00bb min_height=\u00bb0&#8243; full_width=\u00bbtrue\u00bb padding_top=\u00bb0&#8243; padding_bottom=\u00bb0&#8243; visibility=\u00bbvisible-sm\u00bb sidebar=\u00bbsidebar-1&#8243; first_page=\u00bbtrue\u00bb last_page=\u00bbtrue\u00bb][vc_column][vc_column_text disable_pattern=\u00bbfalse\u00bb align=\u00bbcenter\u00bb css=\u00bb.vc_custom_1721302869533{margin-bottom: 0px !important;}\u00bb]<div id=\"metaslider-id-1616\" style=\"width: 100%;\" class=\"ml-slider-3-98-0 metaslider metaslider-flex metaslider-1616 ml-slider ms-theme-default nav-hidden nav-hidden\" role=\"region\" aria-roledescription=\"Slideshow\" aria-label=\"Home Responsive\" data-width=\"960\">\n    <div id=\"metaslider_container_1616\">\n        <div id=\"metaslider_1616\">\n            <ul class='slides'>\n                <li style=\"display: block; width: 100%;\" class=\"slide-1618 ms-image \" aria-roledescription=\"slide\" aria-label=\"slide-1618\" data-date=\"2024-04-23 16:03:35\"><a href=\"https:\/\/laboratoriosanjose.com.ar\/index.php\/solicitudes\/\" target=\"_self\" aria-label=\"View Slide Details\" class=\"metaslider_image_link\"><img loading=\"lazy\" decoding=\"async\" src=\"https:\/\/laboratoriosanjose.com.ar\/wp-content\/uploads\/2021\/04\/banners-nuevos-web-LSJ-12.png\" height=\"796\" width=\"960\" alt=\"\" class=\"slider-1616 slide-1618\" title=\"banners nuevos web LSJ-12\" \/><\/a><\/li>\n                <li style=\"display: none; width: 100%;\" class=\"slide-1619 ms-image \" aria-roledescription=\"slide\" aria-label=\"slide-1619\" data-date=\"2024-04-23 16:03:35\"><a href=\"https:\/\/laboratoriosanjose.com.ar\/index.php\/laboratorio\/\" target=\"_self\" aria-label=\"View Slide Details\" class=\"metaslider_image_link\"><img loading=\"lazy\" decoding=\"async\" src=\"https:\/\/laboratoriosanjose.com.ar\/wp-content\/uploads\/2021\/04\/banners-nuevos-web-LSJ-10-958x795.png\" height=\"796\" width=\"960\" alt=\"\" class=\"slider-1616 slide-1619\" title=\"banners nuevos web LSJ-10\" \/><\/a><\/li>\n                <li style=\"display: none; width: 100%;\" class=\"slide-1617 ms-image \" aria-roledescription=\"slide\" aria-label=\"slide-1617\" data-date=\"2024-04-23 16:03:35\"><img loading=\"lazy\" decoding=\"async\" src=\"https:\/\/laboratoriosanjose.com.ar\/wp-content\/uploads\/2024\/02\/banners-nuevos-web-LSJ-11.png\" height=\"796\" width=\"960\" alt=\"\" class=\"slider-1616 slide-1617\" title=\"banners-nuevos-web-LSJ-11\" \/><\/li>\n                <li style=\"display: none; width: 100%;\" class=\"slide-1821 ms-image \" aria-roledescription=\"slide\" aria-label=\"slide-1821\" data-date=\"2024-07-18 11:49:41\"><a href=\"https:\/\/laboratoriosanjose.com.ar\/index.php\/calidad\/\" target=\"_self\" aria-label=\"View Slide Details\" class=\"metaslider_image_link\"><img loading=\"lazy\" decoding=\"async\" src=\"https:\/\/laboratoriosanjose.com.ar\/wp-content\/uploads\/2024\/07\/laboratorio-mobile.png\" height=\"796\" width=\"960\" alt=\"\" class=\"slider-1616 slide-1821\" title=\"laboratorio-mobile\" \/><\/a><\/li>\n            <\/ul>\n        <\/div>\n        \n    <\/div>\n<\/div>[\/vc_column_text][\/vc_column][\/mk_page_section][mk_page_section bg_color=\u00bb#002e6c\u00bb min_height=\u00bb0&#8243; full_width=\u00bbtrue\u00bb padding_top=\u00bb0&#8243; padding_bottom=\u00bb0&#8243; sidebar=\u00bbsidebar-1&#8243; first_page=\u00bbtrue\u00bb last_page=\u00bbtrue\u00bb][vc_column css=\u00bb.vc_custom_1458741650209{padding-top: 0px !important;padding-right: 0px !important;padding-bottom: 10px !important;padding-left: 0px !important;}\u00bb][mk_divider style=\u00bbthin_solid\u00bb thickness=\u00bb10&#8243; margin_top=\u00bb0&#8243;][vc_column_text align=\u00bbcenter\u00bb]\n<h4><span style=\"color: #ffffff;\">CONTAMOS CON UNA<\/span> <span style=\"color: #00adef;\">AMPLIA\u00a0COBERTURA<\/span><\/h4>\n[\/vc_column_text][\/vc_column][\/mk_page_section][mk_page_section bg_color=\u00bb#eeeeee\u00bb min_height=\u00bb0&#8243; full_width=\u00bbtrue\u00bb padding_top=\u00bb0&#8243; padding_bottom=\u00bb0&#8243; sidebar=\u00bbsidebar-1&#8243; first_page=\u00bbtrue\u00bb last_page=\u00bbtrue\u00bb][vc_column visibility=\u00bbhidden-sm\u00bb][mk_image src=\u00bbhttps:\/\/laboratoriosanjose.com.ar\/wp-content\/uploads\/2024\/06\/marcas-lsj.png\u00bb image_width=\u00bb1915&#8243; image_height=\u00bb95&#8243; margin_bottom=\u00bb0&#8243; crop=\u00bbfalse\u00bb][\/vc_column][\/mk_page_section][mk_page_section bg_color=\u00bb#0086c8&#8243; full_width=\u00bbtrue\u00bb padding_top=\u00bb0&#8243; padding_bottom=\u00bb0&#8243; sidebar=\u00bbsidebar-1&#8243; first_page=\u00bbtrue\u00bb last_page=\u00bbtrue\u00bb][vc_column][mk_animated_columns column_height=\u00bb400&#8243; column_number=\u00bb5&#8243; order=\u00bbASC\u00bb border_color=\u00bb#eeeeee\u00bb bg_color=\u00bb#ffffff\u00bb bg_hover_color=\u00bb#00adef\u00bb icon_size=\u00bb64&#8243; icon_color=\u00bb#00adef\u00bb icon_hover_color=\u00bb#ffffff\u00bb txt_color=\u00bb#ffffff\u00bb btn_color=\u00bb#ffffff\u00bb btn_hover_color=\u00bb#ffffff\u00bb btn_hover_txt_color=\u00bb#00adef\u00bb][\/vc_column][\/mk_page_section][mk_page_section bg_position=\u00bbcenter top\u00bb bg_repeat=\u00bbno-repeat\u00bb bg_stretch=\u00bbtrue\u00bb bg_video=\u00bbyes\u00bb mp4=\u00bb\/wp-content\/uploads\/2015\/11\/Video.mp4&#8243; webm=\u00bb\/wp-content\/uploads\/2015\/11\/Video.webm\u00bb poster_image=\u00bb\/wp-content\/uploads\/2015\/11\/back_video.jpg\u00bb video_mask=\u00bbtrue\u00bb video_color_mask=\u00bb#eeeeee\u00bb video_opacity=\u00bb0.2&#8243; full_width=\u00bbtrue\u00bb padding_top=\u00bb100&#8243; padding_bottom=\u00bb100&#8243; sidebar=\u00bbsidebar-1&#8243; first_page=\u00bbtrue\u00bb last_page=\u00bbtrue\u00bb][vc_column width=\u00bb1\/6&#8243;][vc_column_text]\n[\/vc_column_text][\/vc_column][vc_column width=\u00bb2\/3&#8243;][vc_column_text align=\u00bbcenter\u00bb css=\u00bb.vc_custom_1714673876004{margin-bottom: 0px !important;}\u00bb]\n<h1><span style=\"color: #ffffff;\">M\u00c1S DE 45 A\u00d1OS DE EXPERIENCIA<\/span><br \/>\n<strong><span style=\"color: #00adef;\">RESPALDAN NUESTRA CONFIANZA<\/span><\/strong><\/h1>\n[\/vc_column_text][mk_button dimension=\u00bbflat\u00bb size=\u00bbmedium\u00bb url=\u00bbhttps:\/\/www.instagram.com\/p\/CyCPH3Zs4R3\/\u00bb target=\u00bb_blank\u00bb align=\u00bbcenter\u00bb bg_color=\u00bb#00adef\u00bb btn_hover_bg=\u00bb#252525&#8243; btn_hover_txt_color=\u00bb#ffffff\u00bb]CON\u00d3ZCANOS<\/p>\n[\/mk_button][\/vc_column][vc_column width=\u00bb1\/6&#8243;][vc_column_text]\n[\/vc_column_text][\/vc_column][\/mk_page_section]\n","protected":false},"excerpt":{"rendered":"<p>[mk_page_section bg_color=\u00bb#f4f4f4&#8243; bg_stretch=\u00bbtrue\u00bb min_height=\u00bb0&#8243; full_width=\u00bbtrue\u00bb padding_top=\u00bb0&#8243; padding_bottom=\u00bb0&#8243; visibility=\u00bbhidden-sm\u00bb sidebar=\u00bbsidebar-1&#8243; first_page=\u00bbtrue\u00bb last_page=\u00bbtrue\u00bb][vc_column][vc_column_text disable_pattern=\u00bbfalse\u00bb align=\u00bbcenter\u00bb css=\u00bb.vc_custom_1714167829792{margin-bottom: 0px !important;}\u00bb][\/vc_column_text][\/vc_column][\/mk_page_section][mk_page_section bg_color=\u00bb#f4f4f4&#8243; bg_stretch=\u00bbtrue\u00bb min_height=\u00bb0&#8243; full_width=\u00bbtrue\u00bb padding_top=\u00bb0&#8243; padding_bottom=\u00bb0&#8243; visibility=\u00bbvisible-sm\u00bb sidebar=\u00bbsidebar-1&#8243; first_page=\u00bbtrue\u00bb last_page=\u00bbtrue\u00bb][vc_column][vc_column_text disable_pattern=\u00bbfalse\u00bb align=\u00bbcenter\u00bb css=\u00bb.vc_custom_1721302869533{margin-bottom: 0px !important;}\u00bb][\/vc_column_text][\/vc_column][\/mk_page_section][mk_page_section bg_color=\u00bb#002e6c\u00bb min_height=\u00bb0&#8243; full_width=\u00bbtrue\u00bb padding_top=\u00bb0&#8243; padding_bottom=\u00bb0&#8243; sidebar=\u00bbsidebar-1&#8243; first_page=\u00bbtrue\u00bb last_page=\u00bbtrue\u00bb][vc_column css=\u00bb.vc_custom_1458741650209{padding-top: 0px !important;padding-right: 0px !important;padding-bottom: 10px !important;padding-left: 0px !important;}\u00bb][mk_divider style=\u00bbthin_solid\u00bb thickness=\u00bb10&#8243; margin_top=\u00bb0&#8243;][vc_column_text align=\u00bbcenter\u00bb] CONTAMOS CON UNA [&hellip;]<\/p>\n","protected":false},"author":3,"featured_media":0,"parent":0,"menu_order":0,"comment_status":"closed","ping_status":"closed","template":"","meta":{"_joinchat":[],"footnotes":""},"class_list":["post-1605","page","type-page","status-publish","hentry"],"yoast_head":"<!-- This site is optimized with the Yoast SEO plugin v22.8 - https:\/\/yoast.com\/wordpress\/plugins\/seo\/ -->\n<title>LABORATORIO SAN JOSE<\/title>\n<meta name=\"description\" content=\"Laboratorio San Jos\u00e9 es una empresa con m\u00e1s de 45 a\u00f1os de trayectoria en el \u00e1mbito m\u00e9dico asistencial de la Ciudad de Buenos Aires, dedicada a la atenci\u00f3n de pacientes ambulatorios, obras sociales, prepagas, empresas de medicina laboral, compa\u00f1\u00edas de seguros y empresas de internaci\u00f3n domiciliaria.\" \/>\n<meta name=\"robots\" content=\"index, follow, max-snippet:-1, max-image-preview:large, max-video-preview:-1\" \/>\n<link rel=\"canonical\" href=\"https:\/\/laboratoriosanjose.com.ar\/\" \/>\n<meta property=\"og:locale\" content=\"es_ES\" \/>\n<meta property=\"og:type\" content=\"article\" \/>\n<meta property=\"og:title\" content=\"LABORATORIO SAN JOSE\" \/>\n<meta property=\"og:description\" content=\"Laboratorio San Jos\u00e9 es una empresa con m\u00e1s de 45 a\u00f1os de trayectoria en el \u00e1mbito m\u00e9dico asistencial de la Ciudad de Buenos Aires, dedicada a la atenci\u00f3n de pacientes ambulatorios, obras sociales, prepagas, empresas de medicina laboral, compa\u00f1\u00edas de seguros y empresas de internaci\u00f3n domiciliaria.\" \/>\n<meta property=\"og:url\" content=\"https:\/\/laboratoriosanjose.com.ar\/\" \/>\n<meta property=\"og:site_name\" content=\"LABORATORIO SAN JOSE\" \/>\n<meta property=\"article:publisher\" content=\"https:\/\/www.facebook.com\/p\/Laboratorio-San-Jos-100064203063178\" \/>\n<meta property=\"article:modified_time\" content=\"2024-07-18T11:17:07+00:00\" \/>\n<meta property=\"og:image\" content=\"https:\/\/laboratoriosanjose.com.ar\/wp-content\/uploads\/2024\/04\/sanjose_logo.png\" \/>\n\t<meta property=\"og:image:width\" content=\"1836\" \/>\n\t<meta property=\"og:image:height\" content=\"372\" \/>\n\t<meta property=\"og:image:type\" content=\"image\/png\" \/>\n<meta name=\"twitter:card\" content=\"summary_large_image\" \/>\n<meta name=\"twitter:label1\" content=\"Tiempo de lectura\" \/>\n\t<meta name=\"twitter:data1\" content=\"1 minuto\" \/>\n<script type=\"application\/ld+json\" class=\"yoast-schema-graph\">{\"@context\":\"https:\/\/schema.org\",\"@graph\":[{\"@type\":\"WebPage\",\"@id\":\"https:\/\/laboratoriosanjose.com.ar\/\",\"url\":\"https:\/\/laboratoriosanjose.com.ar\/\",\"name\":\"LABORATORIO SAN JOSE\",\"isPartOf\":{\"@id\":\"https:\/\/laboratoriosanjose.com.ar\/#website\"},\"datePublished\":\"2024-04-26T21:16:50+00:00\",\"dateModified\":\"2024-07-18T11:17:07+00:00\",\"description\":\"Laboratorio San Jos\u00e9 es una empresa con m\u00e1s de 45 a\u00f1os de trayectoria en el \u00e1mbito m\u00e9dico asistencial de la Ciudad de Buenos Aires, dedicada a la atenci\u00f3n de pacientes ambulatorios, obras sociales, prepagas, empresas de medicina laboral, compa\u00f1\u00edas de seguros y empresas de internaci\u00f3n domiciliaria.\",\"breadcrumb\":{\"@id\":\"https:\/\/laboratoriosanjose.com.ar\/#breadcrumb\"},\"inLanguage\":\"es\",\"potentialAction\":[{\"@type\":\"ReadAction\",\"target\":[\"https:\/\/laboratoriosanjose.com.ar\/\"]}]},{\"@type\":\"BreadcrumbList\",\"@id\":\"https:\/\/laboratoriosanjose.com.ar\/#breadcrumb\",\"itemListElement\":[{\"@type\":\"ListItem\",\"position\":1,\"name\":\"Portada\",\"item\":\"https:\/\/laboratoriosanjose.com.ar\/\"},{\"@type\":\"ListItem\",\"position\":2,\"name\":\"Inicio\"}]},{\"@type\":\"WebSite\",\"@id\":\"https:\/\/laboratoriosanjose.com.ar\/#website\",\"url\":\"https:\/\/laboratoriosanjose.com.ar\/\",\"name\":\"Laboratorio San Jos\u00e9\",\"description\":\"Laboratorio San Jos\u00e9\",\"publisher\":{\"@id\":\"https:\/\/laboratoriosanjose.com.ar\/#organization\"},\"potentialAction\":[{\"@type\":\"SearchAction\",\"target\":{\"@type\":\"EntryPoint\",\"urlTemplate\":\"https:\/\/laboratoriosanjose.com.ar\/?s={search_term_string}\"},\"query-input\":\"required name=search_term_string\"}],\"inLanguage\":\"es\"},{\"@type\":\"Organization\",\"@id\":\"https:\/\/laboratoriosanjose.com.ar\/#organization\",\"name\":\"Laboratorio San Jos\u00e9\",\"url\":\"https:\/\/laboratoriosanjose.com.ar\/\",\"logo\":{\"@type\":\"ImageObject\",\"inLanguage\":\"es\",\"@id\":\"https:\/\/laboratoriosanjose.com.ar\/#\/schema\/logo\/image\/\",\"url\":\"https:\/\/laboratoriosanjose.com.ar\/wp-content\/uploads\/2024\/04\/sanjose_logo.png\",\"contentUrl\":\"https:\/\/laboratoriosanjose.com.ar\/wp-content\/uploads\/2024\/04\/sanjose_logo.png\",\"width\":1836,\"height\":372,\"caption\":\"Laboratorio San Jos\u00e9\"},\"image\":{\"@id\":\"https:\/\/laboratoriosanjose.com.ar\/#\/schema\/logo\/image\/\"},\"sameAs\":[\"https:\/\/www.facebook.com\/p\/Laboratorio-San-Jos-100064203063178\",\"https:\/\/www.instagram.com\/laboratoriosanjose\/\"]}]}<\/script>\n<!-- \/ Yoast SEO plugin. -->","yoast_head_json":{"title":"LABORATORIO SAN JOSE","description":"Laboratorio San Jos\u00e9 es una empresa con m\u00e1s de 45 a\u00f1os de trayectoria en el \u00e1mbito m\u00e9dico asistencial de la Ciudad de Buenos Aires, dedicada a la atenci\u00f3n de pacientes ambulatorios, obras sociales, prepagas, empresas de medicina laboral, compa\u00f1\u00edas de seguros y empresas de internaci\u00f3n domiciliaria.","robots":{"index":"index","follow":"follow","max-snippet":"max-snippet:-1","max-image-preview":"max-image-preview:large","max-video-preview":"max-video-preview:-1"},"canonical":"https:\/\/laboratoriosanjose.com.ar\/","og_locale":"es_ES","og_type":"article","og_title":"LABORATORIO SAN JOSE","og_description":"Laboratorio San Jos\u00e9 es una empresa con m\u00e1s de 45 a\u00f1os de trayectoria en el \u00e1mbito m\u00e9dico asistencial de la Ciudad de Buenos Aires, dedicada a la atenci\u00f3n de pacientes ambulatorios, obras sociales, prepagas, empresas de medicina laboral, compa\u00f1\u00edas de seguros y empresas de internaci\u00f3n domiciliaria.","og_url":"https:\/\/laboratoriosanjose.com.ar\/","og_site_name":"LABORATORIO SAN JOSE","article_publisher":"https:\/\/www.facebook.com\/p\/Laboratorio-San-Jos-100064203063178","article_modified_time":"2024-07-18T11:17:07+00:00","og_image":[{"width":1836,"height":372,"url":"https:\/\/laboratoriosanjose.com.ar\/wp-content\/uploads\/2024\/04\/sanjose_logo.png","type":"image\/png"}],"twitter_card":"summary_large_image","twitter_misc":{"Tiempo de lectura":"1 minuto"},"schema":{"@context":"https:\/\/schema.org","@graph":[{"@type":"WebPage","@id":"https:\/\/laboratoriosanjose.com.ar\/","url":"https:\/\/laboratoriosanjose.com.ar\/","name":"LABORATORIO SAN JOSE","isPartOf":{"@id":"https:\/\/laboratoriosanjose.com.ar\/#website"},"datePublished":"2024-04-26T21:16:50+00:00","dateModified":"2024-07-18T11:17:07+00:00","description":"Laboratorio San Jos\u00e9 es una empresa con m\u00e1s de 45 a\u00f1os de trayectoria en el \u00e1mbito m\u00e9dico asistencial de la Ciudad de Buenos Aires, dedicada a la atenci\u00f3n de pacientes ambulatorios, obras sociales, prepagas, empresas de medicina laboral, compa\u00f1\u00edas de seguros y empresas de internaci\u00f3n domiciliaria.","breadcrumb":{"@id":"https:\/\/laboratoriosanjose.com.ar\/#breadcrumb"},"inLanguage":"es","potentialAction":[{"@type":"ReadAction","target":["https:\/\/laboratoriosanjose.com.ar\/"]}]},{"@type":"BreadcrumbList","@id":"https:\/\/laboratoriosanjose.com.ar\/#breadcrumb","itemListElement":[{"@type":"ListItem","position":1,"name":"Portada","item":"https:\/\/laboratoriosanjose.com.ar\/"},{"@type":"ListItem","position":2,"name":"Inicio"}]},{"@type":"WebSite","@id":"https:\/\/laboratoriosanjose.com.ar\/#website","url":"https:\/\/laboratoriosanjose.com.ar\/","name":"Laboratorio San Jos\u00e9","description":"Laboratorio San Jos\u00e9","publisher":{"@id":"https:\/\/laboratoriosanjose.com.ar\/#organization"},"potentialAction":[{"@type":"SearchAction","target":{"@type":"EntryPoint","urlTemplate":"https:\/\/laboratoriosanjose.com.ar\/?s={search_term_string}"},"query-input":"required name=search_term_string"}],"inLanguage":"es"},{"@type":"Organization","@id":"https:\/\/laboratoriosanjose.com.ar\/#organization","name":"Laboratorio San Jos\u00e9","url":"https:\/\/laboratoriosanjose.com.ar\/","logo":{"@type":"ImageObject","inLanguage":"es","@id":"https:\/\/laboratoriosanjose.com.ar\/#\/schema\/logo\/image\/","url":"https:\/\/laboratoriosanjose.com.ar\/wp-content\/uploads\/2024\/04\/sanjose_logo.png","contentUrl":"https:\/\/laboratoriosanjose.com.ar\/wp-content\/uploads\/2024\/04\/sanjose_logo.png","width":1836,"height":372,"caption":"Laboratorio San Jos\u00e9"},"image":{"@id":"https:\/\/laboratoriosanjose.com.ar\/#\/schema\/logo\/image\/"},"sameAs":["https:\/\/www.facebook.com\/p\/Laboratorio-San-Jos-100064203063178","https:\/\/www.instagram.com\/laboratoriosanjose\/"]}]}},"_links":{"self":[{"href":"https:\/\/laboratoriosanjose.com.ar\/index.php\/wp-json\/wp\/v2\/pages\/1605","targetHints":{"allow":["GET"]}}],"collection":[{"href":"https:\/\/laboratoriosanjose.com.ar\/index.php\/wp-json\/wp\/v2\/pages"}],"about":[{"href":"https:\/\/laboratoriosanjose.com.ar\/index.php\/wp-json\/wp\/v2\/types\/page"}],"author":[{"embeddable":true,"href":"https:\/\/laboratoriosanjose.com.ar\/index.php\/wp-json\/wp\/v2\/users\/3"}],"replies":[{"embeddable":true,"href":"https:\/\/laboratoriosanjose.com.ar\/index.php\/wp-json\/wp\/v2\/comments?post=1605"}],"version-history":[{"count":13,"href":"https:\/\/laboratoriosanjose.com.ar\/index.php\/wp-json\/wp\/v2\/pages\/1605\/revisions"}],"predecessor-version":[{"id":1794,"href":"https:\/\/laboratoriosanjose.com.ar\/index.php\/wp-json\/wp\/v2\/pages\/1605\/revisions\/1794"}],"wp:attachment":[{"href":"https:\/\/laboratoriosanjose.com.ar\/index.php\/wp-json\/wp\/v2\/media?parent=1605"}],"curies":[{"name":"wp","href":"https:\/\/api.w.org\/{rel}","templated":true}]}}