{"id":1679,"date":"2024-05-02T17:59:34","date_gmt":"2024-05-02T17:59:34","guid":{"rendered":"https:\/\/laboratoriosanjose.com.ar\/?page_id=1679"},"modified":"2024-06-28T15:27:33","modified_gmt":"2024-06-28T15:27:33","slug":"calidad","status":"publish","type":"page","link":"https:\/\/laboratoriosanjose.com.ar\/index.php\/calidad\/","title":{"rendered":"Calidad"},"content":{"rendered":"[mk_page_section layout_structure=\u00bbhalf_left\u00bb bg_image=\u00bb\/wp-content\/uploads\/2012\/09\/header-nosotros-23.png\u00bb bg_color=\u00bb#cdcdcd\u00bb min_height=\u00bb300&#8243; full_width=\u00bbtrue\u00bb padding_top=\u00bb0&#8243; padding_bottom=\u00bb0&#8243; first_page=\u00bbtrue\u00bb last_page=\u00bbtrue\u00bb][vc_column css=\u00bb.vc_custom_1458675390410{padding-top: 100px !important;padding-bottom: 60px !important;}\u00bb][vc_column_text disable_pattern=\u00bbfalse\u00bb css=\u00bb.vc_custom_1714972661276{margin-bottom: 0px !important;}\u00bb]\n<h1><span style=\"color: #0086c8;\">M\u00c1S DE 45 A\u00d1OS<\/span><br \/>\n<span style=\"color: #002e6c;\">DE TRAYECTORIA<\/span><\/h1>\n[\/vc_column_text][\/vc_column][\/mk_page_section][mk_page_section bg_color=\u00bb#002e6c\u00bb min_height=\u00bb0&#8243; full_width=\u00bbtrue\u00bb padding_top=\u00bb0&#8243; padding_bottom=\u00bb0&#8243; sidebar=\u00bbsidebar-1&#8243; first_page=\u00bbtrue\u00bb last_page=\u00bbtrue\u00bb][vc_column css=\u00bb.vc_custom_1458741650209{padding-top: 0px !important;padding-right: 0px !important;padding-bottom: 10px !important;padding-left: 0px !important;}\u00bb][mk_divider style=\u00bbthin_solid\u00bb thickness=\u00bb10&#8243; margin_top=\u00bb0&#8243;][vc_column_text align=\u00bbcenter\u00bb]\n<h4><span style=\"color: #ffffff;\">CONTAMOS CON UNA<\/span> <span style=\"color: #00adef;\">AMPLIA\u00a0COBERTURA<\/span><\/h4>\n[\/vc_column_text][\/vc_column][\/mk_page_section][mk_page_section bg_color=\u00bb#eeeeee\u00bb min_height=\u00bb0&#8243; full_width=\u00bbtrue\u00bb padding_top=\u00bb0&#8243; padding_bottom=\u00bb0&#8243; sidebar=\u00bbsidebar-1&#8243; first_page=\u00bbtrue\u00bb last_page=\u00bbtrue\u00bb][vc_column visibility=\u00bbhidden-sm\u00bb][mk_image src=\u00bbhttps:\/\/laboratoriosanjose.com.ar\/wp-content\/uploads\/2024\/06\/marcas-lsj.png\u00bb image_width=\u00bb1915&#8243; image_height=\u00bb95&#8243; margin_bottom=\u00bb0&#8243; crop=\u00bbfalse\u00bb][\/vc_column][\/mk_page_section][mk_page_section bg_color=\u00bb#00b8f1&#8243; padding_top=\u00bb40&#8243; padding_bottom=\u00bb0&#8243; sidebar=\u00bbsidebar-1&#8243; first_page=\u00bbtrue\u00bb last_page=\u00bbtrue\u00bb][vc_column][mk_fancy_title color=\u00bb#393836&#8243; size=\u00bb40&#8243; font_style=\u00bbinhert\u00bb txt_transform=\u00bbuppercase\u00bb margin_bottom=\u00bb0&#8243; font_family=\u00bbnone\u00bb align=\u00bbcenter\u00bb]<span style=\"color: #00b8f1;\"><span style=\"color: #ffffff;\">Nuestro<\/span> <strong><span style=\"color: #002e6c;\">compromiso<\/span><\/strong><\/span>[\/mk_fancy_title][\/vc_column][\/mk_page_section][mk_page_section bg_color=\u00bb#00b8f1&#8243; padding_top=\u00bb0&#8243; padding_bottom=\u00bb40&#8243; sidebar=\u00bbsidebar-1&#8243; first_page=\u00bbtrue\u00bb last_page=\u00bbtrue\u00bb][vc_column width=\u00bb1\/4&#8243;][mk_flipbox front_background_color=\u00bb#002e6c\u00bb back_background_color=\u00bb#ffffff\u00bb min_height=\u00bb400&#8243; image=\u00bb\/wp-content\/uploads\/2012\/09\/iconos-vision.png\u00bb front_title=\u00bbMISI\u00d3N\u00bb front_title_color=\u00bb#ffffff\u00bb back_title_color=\u00bb#002e6c\u00bb font_weight=\u00bbbold\u00bb front_desc_size=\u00bb14&#8243; front_desc_color=\u00bb#002e6c\u00bb back_desc=\u00bbNuestra misi\u00f3n es brindar un servicio de calidad a nuestros clientes.<br \/>\nPara ello contamos con un equipo de profesionales altamente capacitados, con la tecnolog\u00eda apropiada, buscando la satisfacci\u00f3n del cliente y entregando resultados en tiempo, forma y contenido.\u00bb back_desc_size=\u00bb12&#8243; back_desc_color=\u00bb#002e6c\u00bb][\/vc_column][vc_column width=\u00bb1\/4&#8243;][mk_flipbox front_background_color=\u00bb#002e6c\u00bb back_background_color=\u00bb#ffffff\u00bb min_height=\u00bb400&#8243; image=\u00bb\/wp-content\/uploads\/2012\/09\/iconos-mision.png\u00bb front_title=\u00bbVISI\u00d3N\u00bb front_title_color=\u00bb#ffffff\u00bb back_title_color=\u00bb#002e6c\u00bb font_weight=\u00bbbold\u00bb front_desc_size=\u00bb14&#8243; front_desc_color=\u00bb#002e6c\u00bb back_desc=\u00bbNuestra visi\u00f3n es ser una organizaci\u00f3n de excelencia en la prestaci\u00f3n de servicios, mejorando continuamente la satisfacci\u00f3n y expectativas de nuestros clientes, proyectando un continuo crecimiento y consolidaci\u00f3n en el mercado.\u00bb back_desc_size=\u00bb12&#8243; back_desc_color=\u00bb#002e6c\u00bb][\/vc_column][vc_column width=\u00bb1\/4&#8243;][mk_flipbox front_background_color=\u00bb#002e6c\u00bb back_background_color=\u00bb#ffffff\u00bb min_height=\u00bb400&#8243; image=\u00bb\/wp-content\/uploads\/2012\/09\/iconos-calidad.png\u00bb front_title=\u00bbPOL\u00cdTICA DE CALIDAD\u00bb front_title_color=\u00bb#ffffff\u00bb back_title_color=\u00bb#002e6c\u00bb font_weight=\u00bbbold\u00bb front_desc_size=\u00bb14&#8243; front_desc_color=\u00bb#002e6c\u00bb back_desc=\u00bbNuestro compromiso es cumplir con los requisitos necesarios para lograr la m\u00e1xima satisfacci\u00f3n de nuestros clientes brindando la mayor eficacia en la obtenci\u00f3n de resultados confiables, mediante un proceso de mejora continua del Sistema de Gesti\u00f3n de la Calidad, alineado con la Norma ISO 15189.<br \/>\nSon pilares de nuestra pol\u00edtica: las buenas practicas profesionales, el comportamiento \u00e9tico y la actitud solidaria, donde se apoyan y confluyen todos los componentes de nuestra organizaci\u00f3n para brindar a nuestros clientes un servicio de excelencia.\u00bb back_desc_size=\u00bb12&#8243; back_desc_color=\u00bb#002e6c\u00bb][\/vc_column][vc_column width=\u00bb1\/4&#8243;][mk_flipbox front_background_color=\u00bb#002e6c\u00bb back_background_color=\u00bb#ffffff\u00bb min_height=\u00bb400&#8243; image=\u00bb\/wp-content\/uploads\/2012\/09\/iconos-calidad.png\u00bb front_title=\u00bbVALORES\u00bb front_title_color=\u00bb#ffffff\u00bb back_title_color=\u00bb#002e6c\u00bb font_weight=\u00bbbold\u00bb front_desc_size=\u00bb14&#8243; front_desc_color=\u00bb#002e6c\u00bb back_desc=\u00bbNuestro laboratorio se apoya en valores que creemos fundamentales para su desarrollo y el de los profesionales que lo integran:<\/p>\n<p>Calidad de la prestaci\u00f3n.<br \/>\nCompromiso.<br \/>\nRespeto y solidaridad.<br \/>\nProfesionalismo.<br \/>\nHonestidad y \u00c9tica.\u00bb back_desc_size=\u00bb12&#8243; back_desc_color=\u00bb#002e6c\u00bb][\/vc_column][\/mk_page_section][mk_page_section bg_color=\u00bb#ffffff\u00bb min_height=\u00bb10&#8243; padding_top=\u00bb40&#8243; padding_bottom=\u00bb20&#8243; sidebar=\u00bbsidebar-1&#8243; first_page=\u00bbtrue\u00bb last_page=\u00bbtrue\u00bb][vc_column width=\u00bb1\/2&#8243;][mk_fancy_title color=\u00bb#393836&#8243; size=\u00bb30&#8243; txt_transform=\u00bbnone\u00bb margin_bottom=\u00bb0&#8243; font_family=\u00bbnone\u00bb align=\u00bbcenter\u00bb]ACREDITACION ISO 15189:2014[\/mk_fancy_title][vc_column_text css=\u00bb.vc_custom_1719573589561{margin-bottom: 0px !important;}\u00bb]Nuestro Laboratorio esta acreditado por el OAA (Organismo Argentino de Acreditacion) bajo la norma ISO-15189:2014 en las areas de HEMATOLOGIA y QUIMICA CLINICA (ver alcance de la acreditacion en <strong><a href=\"http:\/\/www.oaa.org.ar\" target=\"_blank\" rel=\"noopener\">http:\/\/www.oaa.org.ar <\/a><\/strong>Laboratorio Clinico acreditado: LM 025)[\/vc_column_text][\/vc_column][vc_column width=\u00bb1\/2&#8243;][mk_button dimension=\u00bbflat\u00bb size=\u00bblarge\u00bb url=\u00bbhttps:\/\/laboratoriosanjose.com.ar\/Acreditacion Laboratorio ISO15189.pdf\u00bb target=\u00bb_blank\u00bb]Descargue alcance Norma ISO 15189:2014[\/mk_button][mk_button dimension=\u00bbflat\u00bb size=\u00bblarge\u00bb url=\u00bbhttps:\/\/laboratoriosanjose.com.ar\/wp-content\/uploads\/2024\/06\/acreditacion-laboratorio-ma3.pdf\u00bb target=\u00bb_blank\u00bb]Descargue Certificado MA3[\/mk_button][\/vc_column][\/mk_page_section][mk_page_section bg_color=\u00bb#c8c8c8&#8243; padding_top=\u00bb40&#8243; padding_bottom=\u00bb0&#8243; sidebar=\u00bbsidebar-1&#8243; first_page=\u00bbtrue\u00bb last_page=\u00bbtrue\u00bb][vc_column][vc_column_text]\n<h5><strong>Nuestro laboratorio est\u00e1 acreditado por la <span style=\"color: #ffffff;\">Fundaci\u00f3n Bioqu\u00edmica Argentina<\/span>, cumplimentando lo estipulado en la <span style=\"color: #ffffff;\">Norma ISO 15189, \u201cSistemas de Gesti\u00f3n de la Calidad en Laboratorios Cl\u00ednicos\u201d<\/span>.<\/strong><\/h5>\n[\/vc_column_text][\/vc_column][\/mk_page_section][mk_page_section bg_color=\u00bb#c8c8c8&#8243; padding_top=\u00bb0&#8243; padding_bottom=\u00bb40&#8243; sidebar=\u00bbsidebar-1&#8243; first_page=\u00bbtrue\u00bb last_page=\u00bbtrue\u00bb][vc_column width=\u00bb1\/6&#8243;][mk_image src=\u00bb\/wp-content\/uploads\/2012\/09\/logo_ma3.png\u00bb image_width=\u00bb100&#8243; image_height=\u00bb198&#8243; crop=\u00bbfalse\u00bb][\/vc_column][vc_column width=\u00bb5\/6&#8243;][vc_column_text]La norma ISO 15189 establece los requisitos generales que un laboratorio tiene que cumplir para que se reconozca su competencia para realizar ensayos y\/o calibraciones, incluyendo el muestreo. Los laboratorios de An\u00e1lisis Cl\u00ednicos, debido a las diferencias con el resto de laboratorios, han requerido de la publicaci\u00f3n de una Norma espec\u00edfica, la Norma ISO 15189:2012 \u201cLaboratorios cl\u00ednicos &#8211; Requisitos particulares para la calidad y la competencia\u201d.<br \/>\nLa norma ISO 15189 ha significado un punto de inflexi\u00f3n en la definici\u00f3n y el funcionamiento de los laboratorios de an\u00e1lisis cl\u00ednicos y en el reconocimiento de su importancia como pilar b\u00e1sico y punto de partida para la emisi\u00f3n de un diagn\u00f3stico m\u00e9dico, riguroso, siguiendo las pautas de calidad establecidas en la Norma.[\/vc_column_text][\/vc_column][\/mk_page_section]\n","protected":false},"excerpt":{"rendered":"<p>[mk_page_section layout_structure=\u00bbhalf_left\u00bb bg_image=\u00bb\/wp-content\/uploads\/2012\/09\/header-nosotros-23.png\u00bb bg_color=\u00bb#cdcdcd\u00bb min_height=\u00bb300&#8243; full_width=\u00bbtrue\u00bb padding_top=\u00bb0&#8243; padding_bottom=\u00bb0&#8243; first_page=\u00bbtrue\u00bb last_page=\u00bbtrue\u00bb][vc_column css=\u00bb.vc_custom_1458675390410{padding-top: 100px !important;padding-bottom: 60px !important;}\u00bb][vc_column_text disable_pattern=\u00bbfalse\u00bb css=\u00bb.vc_custom_1714972661276{margin-bottom: 0px !important;}\u00bb] M\u00c1S DE 45 A\u00d1OS DE TRAYECTORIA [\/vc_column_text][\/vc_column][\/mk_page_section][mk_page_section bg_color=\u00bb#002e6c\u00bb min_height=\u00bb0&#8243; full_width=\u00bbtrue\u00bb padding_top=\u00bb0&#8243; padding_bottom=\u00bb0&#8243; sidebar=\u00bbsidebar-1&#8243; first_page=\u00bbtrue\u00bb last_page=\u00bbtrue\u00bb][vc_column css=\u00bb.vc_custom_1458741650209{padding-top: 0px !important;padding-right: 0px !important;padding-bottom: 10px !important;padding-left: 0px !important;}\u00bb][mk_divider style=\u00bbthin_solid\u00bb thickness=\u00bb10&#8243; margin_top=\u00bb0&#8243;][vc_column_text align=\u00bbcenter\u00bb] CONTAMOS CON UNA AMPLIA\u00a0COBERTURA [\/vc_column_text][\/vc_column][\/mk_page_section][mk_page_section bg_color=\u00bb#eeeeee\u00bb min_height=\u00bb0&#8243; full_width=\u00bbtrue\u00bb [&hellip;]<\/p>\n","protected":false},"author":3,"featured_media":0,"parent":0,"menu_order":0,"comment_status":"closed","ping_status":"closed","template":"","meta":{"_joinchat":[],"footnotes":""},"class_list":["post-1679","page","type-page","status-publish","hentry"],"yoast_head":"<!-- This site is optimized with the Yoast SEO plugin v22.8 - https:\/\/yoast.com\/wordpress\/plugins\/seo\/ -->\n<title>Calidad - LABORATORIO SAN JOSE<\/title>\n<meta name=\"robots\" content=\"index, follow, max-snippet:-1, max-image-preview:large, max-video-preview:-1\" \/>\n<link rel=\"canonical\" href=\"https:\/\/laboratoriosanjose.com.ar\/index.php\/calidad\/\" \/>\n<meta property=\"og:locale\" content=\"es_ES\" \/>\n<meta property=\"og:type\" content=\"article\" \/>\n<meta property=\"og:title\" content=\"Calidad - LABORATORIO SAN JOSE\" \/>\n<meta property=\"og:description\" content=\"[mk_page_section layout_structure=\u00bbhalf_left\u00bb bg_image=\u00bb\/wp-content\/uploads\/2012\/09\/header-nosotros-23.png\u00bb bg_color=\u00bb#cdcdcd\u00bb min_height=\u00bb300&#8243; full_width=\u00bbtrue\u00bb padding_top=\u00bb0&#8243; padding_bottom=\u00bb0&#8243; first_page=\u00bbtrue\u00bb last_page=\u00bbtrue\u00bb][vc_column css=\u00bb.vc_custom_1458675390410{padding-top: 100px !important;padding-bottom: 60px !important;}\u00bb][vc_column_text disable_pattern=\u00bbfalse\u00bb css=\u00bb.vc_custom_1714972661276{margin-bottom: 0px !important;}\u00bb] M\u00c1S DE 45 A\u00d1OS DE TRAYECTORIA [\/vc_column_text][\/vc_column][\/mk_page_section][mk_page_section bg_color=\u00bb#002e6c\u00bb min_height=\u00bb0&#8243; full_width=\u00bbtrue\u00bb padding_top=\u00bb0&#8243; padding_bottom=\u00bb0&#8243; sidebar=\u00bbsidebar-1&#8243; first_page=\u00bbtrue\u00bb last_page=\u00bbtrue\u00bb][vc_column css=\u00bb.vc_custom_1458741650209{padding-top: 0px !important;padding-right: 0px !important;padding-bottom: 10px !important;padding-left: 0px !important;}\u00bb][mk_divider style=\u00bbthin_solid\u00bb thickness=\u00bb10&#8243; margin_top=\u00bb0&#8243;][vc_column_text align=\u00bbcenter\u00bb] CONTAMOS CON UNA AMPLIA\u00a0COBERTURA [\/vc_column_text][\/vc_column][\/mk_page_section][mk_page_section bg_color=\u00bb#eeeeee\u00bb min_height=\u00bb0&#8243; full_width=\u00bbtrue\u00bb [&hellip;]\" \/>\n<meta property=\"og:url\" content=\"https:\/\/laboratoriosanjose.com.ar\/index.php\/calidad\/\" \/>\n<meta property=\"og:site_name\" content=\"LABORATORIO SAN JOSE\" \/>\n<meta property=\"article:publisher\" content=\"https:\/\/www.facebook.com\/p\/Laboratorio-San-Jos-100064203063178\" \/>\n<meta property=\"article:modified_time\" content=\"2024-06-28T15:27:33+00:00\" \/>\n<meta property=\"og:image\" content=\"https:\/\/laboratoriosanjose.com.ar\/wp-content\/uploads\/2024\/04\/sanjose_logo.png\" \/>\n\t<meta property=\"og:image:width\" content=\"1836\" \/>\n\t<meta property=\"og:image:height\" content=\"372\" \/>\n\t<meta property=\"og:image:type\" content=\"image\/png\" \/>\n<meta name=\"twitter:card\" content=\"summary_large_image\" \/>\n<meta name=\"twitter:label1\" content=\"Tiempo de lectura\" \/>\n\t<meta name=\"twitter:data1\" content=\"3 minutos\" \/>\n<script type=\"application\/ld+json\" class=\"yoast-schema-graph\">{\"@context\":\"https:\/\/schema.org\",\"@graph\":[{\"@type\":\"WebPage\",\"@id\":\"https:\/\/laboratoriosanjose.com.ar\/index.php\/calidad\/\",\"url\":\"https:\/\/laboratoriosanjose.com.ar\/index.php\/calidad\/\",\"name\":\"Calidad - LABORATORIO SAN JOSE\",\"isPartOf\":{\"@id\":\"https:\/\/laboratoriosanjose.com.ar\/#website\"},\"datePublished\":\"2024-05-02T17:59:34+00:00\",\"dateModified\":\"2024-06-28T15:27:33+00:00\",\"breadcrumb\":{\"@id\":\"https:\/\/laboratoriosanjose.com.ar\/index.php\/calidad\/#breadcrumb\"},\"inLanguage\":\"es\",\"potentialAction\":[{\"@type\":\"ReadAction\",\"target\":[\"https:\/\/laboratoriosanjose.com.ar\/index.php\/calidad\/\"]}]},{\"@type\":\"BreadcrumbList\",\"@id\":\"https:\/\/laboratoriosanjose.com.ar\/index.php\/calidad\/#breadcrumb\",\"itemListElement\":[{\"@type\":\"ListItem\",\"position\":1,\"name\":\"Portada\",\"item\":\"https:\/\/laboratoriosanjose.com.ar\/\"},{\"@type\":\"ListItem\",\"position\":2,\"name\":\"Calidad\"}]},{\"@type\":\"WebSite\",\"@id\":\"https:\/\/laboratoriosanjose.com.ar\/#website\",\"url\":\"https:\/\/laboratoriosanjose.com.ar\/\",\"name\":\"Laboratorio San Jos\u00e9\",\"description\":\"Laboratorio San Jos\u00e9\",\"publisher\":{\"@id\":\"https:\/\/laboratoriosanjose.com.ar\/#organization\"},\"potentialAction\":[{\"@type\":\"SearchAction\",\"target\":{\"@type\":\"EntryPoint\",\"urlTemplate\":\"https:\/\/laboratoriosanjose.com.ar\/?s={search_term_string}\"},\"query-input\":\"required name=search_term_string\"}],\"inLanguage\":\"es\"},{\"@type\":\"Organization\",\"@id\":\"https:\/\/laboratoriosanjose.com.ar\/#organization\",\"name\":\"Laboratorio San Jos\u00e9\",\"url\":\"https:\/\/laboratoriosanjose.com.ar\/\",\"logo\":{\"@type\":\"ImageObject\",\"inLanguage\":\"es\",\"@id\":\"https:\/\/laboratoriosanjose.com.ar\/#\/schema\/logo\/image\/\",\"url\":\"https:\/\/laboratoriosanjose.com.ar\/wp-content\/uploads\/2024\/04\/sanjose_logo.png\",\"contentUrl\":\"https:\/\/laboratoriosanjose.com.ar\/wp-content\/uploads\/2024\/04\/sanjose_logo.png\",\"width\":1836,\"height\":372,\"caption\":\"Laboratorio San Jos\u00e9\"},\"image\":{\"@id\":\"https:\/\/laboratoriosanjose.com.ar\/#\/schema\/logo\/image\/\"},\"sameAs\":[\"https:\/\/www.facebook.com\/p\/Laboratorio-San-Jos-100064203063178\",\"https:\/\/www.instagram.com\/laboratoriosanjose\/\"]}]}<\/script>\n<!-- \/ Yoast SEO plugin. -->","yoast_head_json":{"title":"Calidad - LABORATORIO SAN JOSE","robots":{"index":"index","follow":"follow","max-snippet":"max-snippet:-1","max-image-preview":"max-image-preview:large","max-video-preview":"max-video-preview:-1"},"canonical":"https:\/\/laboratoriosanjose.com.ar\/index.php\/calidad\/","og_locale":"es_ES","og_type":"article","og_title":"Calidad - LABORATORIO SAN JOSE","og_description":"[mk_page_section layout_structure=\u00bbhalf_left\u00bb bg_image=\u00bb\/wp-content\/uploads\/2012\/09\/header-nosotros-23.png\u00bb bg_color=\u00bb#cdcdcd\u00bb min_height=\u00bb300&#8243; full_width=\u00bbtrue\u00bb padding_top=\u00bb0&#8243; padding_bottom=\u00bb0&#8243; first_page=\u00bbtrue\u00bb last_page=\u00bbtrue\u00bb][vc_column css=\u00bb.vc_custom_1458675390410{padding-top: 100px !important;padding-bottom: 60px !important;}\u00bb][vc_column_text disable_pattern=\u00bbfalse\u00bb css=\u00bb.vc_custom_1714972661276{margin-bottom: 0px !important;}\u00bb] M\u00c1S DE 45 A\u00d1OS DE TRAYECTORIA [\/vc_column_text][\/vc_column][\/mk_page_section][mk_page_section bg_color=\u00bb#002e6c\u00bb min_height=\u00bb0&#8243; full_width=\u00bbtrue\u00bb padding_top=\u00bb0&#8243; padding_bottom=\u00bb0&#8243; sidebar=\u00bbsidebar-1&#8243; first_page=\u00bbtrue\u00bb last_page=\u00bbtrue\u00bb][vc_column css=\u00bb.vc_custom_1458741650209{padding-top: 0px !important;padding-right: 0px !important;padding-bottom: 10px !important;padding-left: 0px !important;}\u00bb][mk_divider style=\u00bbthin_solid\u00bb thickness=\u00bb10&#8243; margin_top=\u00bb0&#8243;][vc_column_text align=\u00bbcenter\u00bb] CONTAMOS CON UNA AMPLIA\u00a0COBERTURA [\/vc_column_text][\/vc_column][\/mk_page_section][mk_page_section bg_color=\u00bb#eeeeee\u00bb min_height=\u00bb0&#8243; full_width=\u00bbtrue\u00bb [&hellip;]","og_url":"https:\/\/laboratoriosanjose.com.ar\/index.php\/calidad\/","og_site_name":"LABORATORIO SAN JOSE","article_publisher":"https:\/\/www.facebook.com\/p\/Laboratorio-San-Jos-100064203063178","article_modified_time":"2024-06-28T15:27:33+00:00","og_image":[{"width":1836,"height":372,"url":"https:\/\/laboratoriosanjose.com.ar\/wp-content\/uploads\/2024\/04\/sanjose_logo.png","type":"image\/png"}],"twitter_card":"summary_large_image","twitter_misc":{"Tiempo de lectura":"3 minutos"},"schema":{"@context":"https:\/\/schema.org","@graph":[{"@type":"WebPage","@id":"https:\/\/laboratoriosanjose.com.ar\/index.php\/calidad\/","url":"https:\/\/laboratoriosanjose.com.ar\/index.php\/calidad\/","name":"Calidad - LABORATORIO SAN JOSE","isPartOf":{"@id":"https:\/\/laboratoriosanjose.com.ar\/#website"},"datePublished":"2024-05-02T17:59:34+00:00","dateModified":"2024-06-28T15:27:33+00:00","breadcrumb":{"@id":"https:\/\/laboratoriosanjose.com.ar\/index.php\/calidad\/#breadcrumb"},"inLanguage":"es","potentialAction":[{"@type":"ReadAction","target":["https:\/\/laboratoriosanjose.com.ar\/index.php\/calidad\/"]}]},{"@type":"BreadcrumbList","@id":"https:\/\/laboratoriosanjose.com.ar\/index.php\/calidad\/#breadcrumb","itemListElement":[{"@type":"ListItem","position":1,"name":"Portada","item":"https:\/\/laboratoriosanjose.com.ar\/"},{"@type":"ListItem","position":2,"name":"Calidad"}]},{"@type":"WebSite","@id":"https:\/\/laboratoriosanjose.com.ar\/#website","url":"https:\/\/laboratoriosanjose.com.ar\/","name":"Laboratorio San Jos\u00e9","description":"Laboratorio San Jos\u00e9","publisher":{"@id":"https:\/\/laboratoriosanjose.com.ar\/#organization"},"potentialAction":[{"@type":"SearchAction","target":{"@type":"EntryPoint","urlTemplate":"https:\/\/laboratoriosanjose.com.ar\/?s={search_term_string}"},"query-input":"required name=search_term_string"}],"inLanguage":"es"},{"@type":"Organization","@id":"https:\/\/laboratoriosanjose.com.ar\/#organization","name":"Laboratorio San Jos\u00e9","url":"https:\/\/laboratoriosanjose.com.ar\/","logo":{"@type":"ImageObject","inLanguage":"es","@id":"https:\/\/laboratoriosanjose.com.ar\/#\/schema\/logo\/image\/","url":"https:\/\/laboratoriosanjose.com.ar\/wp-content\/uploads\/2024\/04\/sanjose_logo.png","contentUrl":"https:\/\/laboratoriosanjose.com.ar\/wp-content\/uploads\/2024\/04\/sanjose_logo.png","width":1836,"height":372,"caption":"Laboratorio San Jos\u00e9"},"image":{"@id":"https:\/\/laboratoriosanjose.com.ar\/#\/schema\/logo\/image\/"},"sameAs":["https:\/\/www.facebook.com\/p\/Laboratorio-San-Jos-100064203063178","https:\/\/www.instagram.com\/laboratoriosanjose\/"]}]}},"_links":{"self":[{"href":"https:\/\/laboratoriosanjose.com.ar\/index.php\/wp-json\/wp\/v2\/pages\/1679","targetHints":{"allow":["GET"]}}],"collection":[{"href":"https:\/\/laboratoriosanjose.com.ar\/index.php\/wp-json\/wp\/v2\/pages"}],"about":[{"href":"https:\/\/laboratoriosanjose.com.ar\/index.php\/wp-json\/wp\/v2\/types\/page"}],"author":[{"embeddable":true,"href":"https:\/\/laboratoriosanjose.com.ar\/index.php\/wp-json\/wp\/v2\/users\/3"}],"replies":[{"embeddable":true,"href":"https:\/\/laboratoriosanjose.com.ar\/index.php\/wp-json\/wp\/v2\/comments?post=1679"}],"version-history":[{"count":22,"href":"https:\/\/laboratoriosanjose.com.ar\/index.php\/wp-json\/wp\/v2\/pages\/1679\/revisions"}],"predecessor-version":[{"id":1767,"href":"https:\/\/laboratoriosanjose.com.ar\/index.php\/wp-json\/wp\/v2\/pages\/1679\/revisions\/1767"}],"wp:attachment":[{"href":"https:\/\/laboratoriosanjose.com.ar\/index.php\/wp-json\/wp\/v2\/media?parent=1679"}],"curies":[{"name":"wp","href":"https:\/\/api.w.org\/{rel}","templated":true}]}}