{"id":868,"date":"2016-02-15T21:00:14","date_gmt":"2016-02-15T21:00:14","guid":{"rendered":"\/?page_id=868"},"modified":"2024-05-06T05:11:25","modified_gmt":"2024-05-06T05:11:25","slug":"cardiologia","status":"publish","type":"page","link":"https:\/\/laboratoriosanjose.com.ar\/index.php\/cardiologia\/","title":{"rendered":"Cardiolog\u00eda"},"content":{"rendered":"<div class=\"wpb-content-wrapper\">[mk_page_section layout_structure=\u00bbhalf_left\u00bb bg_image=\u00bb\/wp-content\/uploads\/2016\/02\/header-cardiologia-26.png\u00bb bg_color=\u00bb#0086c8&#8243; min_height=\u00bb300&#8243; full_width=\u00bbtrue\u00bb padding_top=\u00bb0&#8243; padding_bottom=\u00bb0&#8243; first_page=\u00bbtrue\u00bb last_page=\u00bbtrue\u00bb][vc_column css=\u00bb.vc_custom_1458676903962{padding-top: 120px !important;padding-bottom: 60px !important;}\u00bb][vc_column_text disable_pattern=\u00bbfalse\u00bb]\n<h1><span style=\"color: #ffffff;\">CARDIOLOG\u00cdA<\/span><\/h1>\n[\/vc_column_text][\/vc_column][\/mk_page_section][mk_page_section min_height=\u00bb0&#8243; full_width=\u00bbtrue\u00bb padding_top=\u00bb0&#8243; padding_bottom=\u00bb0&#8243; sidebar=\u00bbsidebar-1&#8243; first_page=\u00bbfalse\u00bb last_page=\u00bbtrue\u00bb][vc_column][mk_divider style=\u00bbthin_solid\u00bb thickness=\u00bb10&#8243; margin_top=\u00bb0&#8243; margin_bottom=\u00bb0&#8243;][\/vc_column][\/mk_page_section][mk_page_section padding_top=\u00bb40&#8243; padding_bottom=\u00bb40&#8243; sidebar=\u00bbsidebar-1&#8243; first_page=\u00bbtrue\u00bb last_page=\u00bbtrue\u00bb][vc_column][mk_fancy_title color=\u00bb#393836&#8243; size=\u00bb30&#8243; font_style=\u00bbinhert\u00bb txt_transform=\u00bbnone\u00bb font_family=\u00bbnone\u00bb align=\u00bbcenter\u00bb]\n<p>Electrocardiograma<\/p>\n[\/mk_fancy_title][vc_accordions][vc_accordion_tab title=\u00bb\u00bfQU\u00c9 ES UN ELECTROCARDIOGRAMA?\u00bb][vc_row_inner][vc_column_inner][vc_column_text]\n<p>Es un m\u00e9todo de utilidad diagn\u00f3stica, basado en el registro gr\u00e1fico de los potenciales el\u00e9ctricos producidos por las c\u00e9lulas cardiacas.<\/p>\n[\/vc_column_text][\/vc_column_inner][\/vc_row_inner][\/vc_accordion_tab][vc_accordion_tab title=\u00bb\u00bfC\u00d3MO SE REALIZA?\u00bb][vc_row_inner][vc_column_inner][vc_column_text]\n<p>El paciente se tiende en una camilla, se le colocan seis electrodos en el t\u00f3rax y dos en extremidades superiores e inferiores, los que se conectan, a trav\u00e9s de un cable conductor, a una m\u00e1quina llamada Electrocardi\u00f3grafo, la que registra los potenciales el\u00e9ctricos generados desde el coraz\u00f3n.<\/p>\n[\/vc_column_text][\/vc_column_inner][\/vc_row_inner][\/vc_accordion_tab][vc_accordion_tab title=\u00bb\u00bfQU\u00c9 NOS APORTA?\u00bb][vc_row_inner][vc_column_inner][vc_column_text]\n<p>Nos entrega informaci\u00f3n \u00fatil sobre el crecimiento de cavidades card\u00edacas, problemas de insuficiencia coronaria, arritmias y de otras muchas patolog\u00edas.<\/p>\n[\/vc_column_text][\/vc_column_inner][\/vc_row_inner][\/vc_accordion_tab][\/vc_accordions][\/vc_column][\/mk_page_section][mk_page_section padding_top=\u00bb0&#8243; padding_bottom=\u00bb40&#8243; sidebar=\u00bbsidebar-1&#8243; first_page=\u00bbtrue\u00bb last_page=\u00bbtrue\u00bb][vc_column][mk_fancy_title color=\u00bb#393836&#8243; size=\u00bb30&#8243; font_style=\u00bbinhert\u00bb txt_transform=\u00bbnone\u00bb font_family=\u00bbnone\u00bb align=\u00bbcenter\u00bb]\n<p>Ergometr\u00eda<\/p>\n[\/mk_fancy_title][vc_accordions][vc_accordion_tab title=\u00bb\u00bfQU\u00c9 ES UNA ERGOMETR\u00cdA?\u00bb][vc_row_inner][vc_column_inner][vc_column_text]\n<p>Es un procedimiento que permite valorar el funcionamiento del coraz\u00f3n durante un esfuerzo controlado.<\/p>\n[\/vc_column_text][\/vc_column_inner][\/vc_row_inner][\/vc_accordion_tab][vc_accordion_tab title=\u00bb\u00bfC\u00d3MO SE REALIZA?\u00bb][vc_row_inner][vc_column_inner width=\u00bb1\/2&#8243;][vc_column_text]\n<p>Se colocan varios electrodos en el t\u00f3rax, que van conectados a un Electrocardi\u00f3grafo que registra en forma continua, la actividad el\u00e9ctrica del coraz\u00f3n. El paciente pedalea en una bicicleta fija o camina en una cinta en movimiento. De acuerdo a un protocolo previamente establecido, gradualmente se van incrementando la velocidad y la pendiente.<\/p>\n[\/vc_column_text][\/vc_column_inner][vc_column_inner width=\u00bb1\/2&#8243;][vc_column_text]Simult\u00e1neamente, se llevar\u00e1 un registro de la presi\u00f3n arterial, electrocardiograma y frecuencia cardiaca.<br \/>\nEl examen tiene una duraci\u00f3n variable que depende de la capacidad f\u00edsica, edad y grado de entrenamiento. La duraci\u00f3n depender\u00e1 tambi\u00e9n, de la presencia de alteraciones cl\u00ednicas o electrocardiogr\u00e1ficas que eventualmente pudieran presentarse durante el examen.[\/vc_column_text][\/vc_column_inner][\/vc_row_inner][\/vc_accordion_tab][vc_accordion_tab title=\u00bb\u00bfQU\u00c9 NOS APORTA?\u00bb][vc_row_inner][vc_column_inner width=\u00bb1\/2&#8243;][vc_column_text]\u2022 Respuesta cardiovascular al ejercicio.<br \/>\n\u2022 Grado de entrenamiento para el ejercicio.<br \/>\n\u2022 Comportamiento de la presi\u00f3n arterial y la frecuencia cardiaca con el ejercicio.[\/vc_column_text][\/vc_column_inner][vc_column_inner width=\u00bb1\/2&#8243;][vc_column_text]\u2022 Problemas de irrigaci\u00f3n coronaria.<br \/>\n\u2022 Evaluaci\u00f3n de arritmias.<br \/>\n\u2022 Evaluaci\u00f3n del tratamiento m\u00e9dico o quir\u00fargico y de la capacidad funcional.[\/vc_column_text][\/vc_column_inner][\/vc_row_inner][\/vc_accordion_tab][\/vc_accordions][\/vc_column][\/mk_page_section][mk_page_section padding_top=\u00bb0&#8243; padding_bottom=\u00bb40&#8243; sidebar=\u00bbsidebar-1&#8243; first_page=\u00bbtrue\u00bb last_page=\u00bbtrue\u00bb][vc_column][mk_fancy_title color=\u00bb#393836&#8243; size=\u00bb30&#8243; font_style=\u00bbinhert\u00bb txt_transform=\u00bbnone\u00bb font_family=\u00bbnone\u00bb align=\u00bbcenter\u00bb]\n<p>Riesgos Quir\u00fargicos<\/p>\n[\/mk_fancy_title][vc_accordions][vc_accordion_tab title=\u00bb\u00bfQU\u00c9 ES UN ESTUDIO DE RIESGOS QUIR\u00daRGICOS?\u00bb][vc_row_inner][vc_column_inner][vc_column_text]\n<p>El Riesgo Quir\u00fargico es una evaluaci\u00f3n cardiol\u00f3gica especial, destinada a evaluar al paciente y emitir un certificado determinando el riesgo quir\u00fargico cardiol\u00f3gico del paciente (llamado habitualmente riesgo quir\u00fargico) antes de ser sometido a una cirug\u00eda programada.<\/p>\n[\/vc_column_text][\/vc_column_inner][\/vc_row_inner][\/vc_accordion_tab][vc_accordion_tab title=\u00bb\u00bfEN QU\u00c9 CONSISTE?\u00bb][vc_row_inner][vc_column_inner width=\u00bb1\/2&#8243;][vc_column_text]\n<p>El riesgo quir\u00fargico consiste en el examen f\u00edsico del paciente, realizaci\u00f3n de electrocardiograma y entrega de certificado firmado por el m\u00e9dico cardi\u00f3logo que indica el riesgo quir\u00fargico asignado al paciente, documentaci\u00f3n que ser\u00e1 entregada al cirujano y\/o anestesi\u00f3logo que lo haya solicitado.<\/p>\n[\/vc_column_text][\/vc_column_inner][vc_column_inner width=\u00bb1\/2&#8243;][vc_column_text]\n<p>Habitualmente la validez de un riesgo quir\u00fargico cardiol\u00f3gico es de un mes, transcurrido dicho plazo, si no se ha concretado la cirug\u00eda, deber\u00e1 realizarse nuevamente el riesgo quir\u00fargico cardiol\u00f3gico.<\/p>\n[\/vc_column_text][\/vc_column_inner][\/vc_row_inner][\/vc_accordion_tab][\/vc_accordions][\/vc_column][\/mk_page_section][mk_page_section padding_top=\u00bb0&#8243; padding_bottom=\u00bb40&#8243; sidebar=\u00bbsidebar-1&#8243; first_page=\u00bbtrue\u00bb last_page=\u00bbtrue\u00bb][vc_column][mk_fancy_title color=\u00bb#393836&#8243; size=\u00bb30&#8243; font_style=\u00bbinhert\u00bb txt_transform=\u00bbnone\u00bb font_family=\u00bbnone\u00bb align=\u00bbcenter\u00bb]\n<p>Monitoreo de Holter card\u00edaco de 3 canales<\/p>\n[\/mk_fancy_title][vc_accordions][vc_accordion_tab title=\u00bb\u00bfQU\u00c9 ES UN MONITOREO DE HOLTER CARD\u00cdACO DE 3 CANALES?\u00bb][vc_row_inner][vc_column_inner][vc_column_text]\n<p>Es una prueba diagn\u00f3stica ambulatoria que permite el registro de la actividad el\u00e9ctrica del coraz\u00f3n (ritmo card\u00edaco) de forma continua y durante un determinado per\u00edodo de tiempo.<\/p>\n[\/vc_column_text][\/vc_column_inner][\/vc_row_inner][\/vc_accordion_tab][vc_accordion_tab title=\u00bb\u00bfPARA QU\u00c9 SIRVE?\u00bb][vc_row_inner][vc_column_inner width=\u00bb1\/2&#8243;][vc_column_text]Permite el estudio de patolog\u00edas cardiacas cuyo origen sean alteraciones del sistema de conducci\u00f3n el\u00e9ctrico del coraz\u00f3n es decir, de los impulsos el\u00e9ctricos responsables de su movimiento.<br \/>\nEl registro permite detectar alteraciones del ritmo, la frecuencia (n\u00famero de latidos por minuto) y detectar zonas del coraz\u00f3n que no reciben impulsos el\u00e9ctricos o los reciben de forma insuficiente o anormal.[\/vc_column_text][\/vc_column_inner][vc_column_inner width=\u00bb1\/2&#8243;][vc_column_text]\n<p>El Holter permite detectar alteraciones como bradicardia (frecuencia card\u00edaca lenta), taquicardia (frecuencia card\u00edaca r\u00e1pida), bloqueos (impulsos el\u00e9ctricos que no se trasmiten o se trasmiten de forma alterada), infartos (zonas del coraz\u00f3n que no responden a los impulsos el\u00e9ctricos), entre otras anomal\u00edas, las cuales deber\u00e1n ser estudiadas posteriormente con estudios m\u00e1s espec\u00edficos.<\/p>\n[\/vc_column_text][\/vc_column_inner][\/vc_row_inner][\/vc_accordion_tab][\/vc_accordions][\/vc_column][\/mk_page_section][mk_page_section padding_top=\u00bb0&#8243; padding_bottom=\u00bb40&#8243; sidebar=\u00bbsidebar-1&#8243; first_page=\u00bbtrue\u00bb last_page=\u00bbtrue\u00bb][vc_column][mk_fancy_title color=\u00bb#393836&#8243; size=\u00bb30&#8243; font_style=\u00bbinhert\u00bb txt_transform=\u00bbnone\u00bb font_family=\u00bbnone\u00bb align=\u00bbcenter\u00bb]\n<p>Ecocardiograma Doppler<\/p>\n[\/mk_fancy_title][vc_accordions][vc_accordion_tab title=\u00bb\u00bfQU\u00c9 ES UN ECOCARDIOAGRAMA DOPPLER?\u00bb][vc_row_inner][vc_column_inner][vc_column_text]El ecocardiograma Doppler es una prueba diagn\u00f3stica no invasiva que utiliza ondas de sonido para evaluar el funcionamiento del coraz\u00f3n y los vasos sangu\u00edneos<br \/>\n[\/vc_column_text][\/vc_column_inner][\/vc_row_inner][\/vc_accordion_tab][vc_accordion_tab title=\u00bb\u00bfPARA QU\u00c9 SIRVE?\u00bb][vc_row_inner][vc_column_inner width=\u00bb1\/2&#8243;][vc_column_text]El ecocardiograma Doppler se realiza a pacientes que presentan s\u00edntomas o factores de riesgo de enfermedad cardiovascular.<\/p>\n<p>Algunos de los s\u00edntomas que podr\u00edan indicar la necesidad de realizar un ecocardiograma Doppler incluyen:<\/p>\n<ul>\n<li>Dificultad para respirar<\/li>\n<li>Dolor de pecho<\/li>\n<li>Palpitaciones<\/li>\n<li>Soplos cardiacos<\/li>\n<li>Hipertension arterial<\/li>\n<\/ul>\n[\/vc_column_text][\/vc_column_inner][vc_column_inner width=\u00bb1\/2&#8243;][vc_column_text]Adem\u00e1s de estos s\u00edntomas, el ecocardiograma Doppler tambi\u00e9n se utiliza para el seguimiento de pacientes con enfermedades card\u00edacas conocidas, como cardiopat\u00eda isqu\u00e9mica, insuficiencia card\u00edaca, enfermedad de las v\u00e1lvulas card\u00edacas, entre otras.<\/p>\n<p>Tambi\u00e9n se puede utilizar para evaluar la funci\u00f3n card\u00edaca en pacientes que est\u00e1n recibiendo tratamientos card\u00edacos o que se est\u00e1n sometiendo a procedimientos quir\u00fargicos relacionados con el coraz\u00f3n[\/vc_column_text][\/vc_column_inner][\/vc_row_inner][\/vc_accordion_tab][\/vc_accordions][\/vc_column][\/mk_page_section][mk_page_section padding_top=\u00bb0&#8243; padding_bottom=\u00bb40&#8243; sidebar=\u00bbsidebar-1&#8243; first_page=\u00bbtrue\u00bb last_page=\u00bbtrue\u00bb][vc_column][mk_fancy_title color=\u00bb#393836&#8243; size=\u00bb30&#8243; txt_transform=\u00bbnone\u00bb font_family=\u00bbnone\u00bb align=\u00bbcenter\u00bb]Presurometria &#8211; MAPA[\/mk_fancy_title][vc_accordions][vc_accordion_tab title=\u00bb\u00bfQue es una Presurometria &#8211; MAPA?\u00bb][vc_row_inner][vc_column_inner][vc_column_text css=\u00bb.vc_custom_1714973643315{margin-bottom: 0px !important;}\u00bb]La presurometr\u00eda MAPA (Monitorizaci\u00f3n Ambulatoria de la Presi\u00f3n Arterial) es una t\u00e9cnica utilizada para medir la presi\u00f3n arterial durante un per\u00edodo prolongado de tiempo, t\u00edpicamente durante 24 horas, mientras el paciente realiza sus actividades normales diarias. Este m\u00e9todo proporciona una visi\u00f3n m\u00e1s completa y precisa de la presi\u00f3n arterial a lo largo del d\u00eda y la noche, en comparaci\u00f3n con las mediciones puntuales que se toman en una sola visita al consultorio [\/vc_column_text][\/vc_column_inner][\/vc_row_inner][\/vc_accordion_tab][vc_accordion_tab title=\u00bb\u00bfPARA QU\u00c9 SIRVE?\u00bb][vc_row_inner][vc_column_inner][vc_column_text css=\u00bb.vc_custom_1714973663940{margin-bottom: 0px !important;}\u00bb]La presurometr\u00eda MAPA es especialmente \u00fatil en el diagn\u00f3stico y manejo de la hipertensi\u00f3n arterial, ya que proporciona informaci\u00f3n detallada sobre la variabilidad de la presi\u00f3n arterial durante las actividades diarias y el sue\u00f1o, lo que puede ayudar a identificar patrones de presi\u00f3n arterial elevada y evaluar la efectividad del tratamiento antihipertensivo.<\/p>\n[\/vc_column_text][\/vc_column_inner][\/vc_row_inner][\/vc_accordion_tab][\/vc_accordions][\/vc_column][\/mk_page_section]\n<\/div>","protected":false},"excerpt":{"rendered":"<p>[mk_page_section layout_structure=\u00bbhalf_left\u00bb bg_image=\u00bb\/wp-content\/uploads\/2016\/02\/header-cardiologia-26.png\u00bb bg_color=\u00bb#0086c8&#8243; min_height=\u00bb300&#8243; full_width=\u00bbtrue\u00bb padding_top=\u00bb0&#8243; padding_bottom=\u00bb0&#8243; first_page=\u00bbtrue\u00bb last_page=\u00bbtrue\u00bb][vc_column css=\u00bb.vc_custom_1458676903962{padding-top: 120px !important;padding-bottom: 60px !important;}\u00bb][vc_column_text disable_pattern=\u00bbfalse\u00bb] CARDIOLOG\u00cdA [\/vc_column_text][\/vc_column][\/mk_page_section][mk_page_section min_height=\u00bb0&#8243; full_width=\u00bbtrue\u00bb padding_top=\u00bb0&#8243; padding_bottom=\u00bb0&#8243; sidebar=\u00bbsidebar-1&#8243; first_page=\u00bbfalse\u00bb last_page=\u00bbtrue\u00bb][vc_column][mk_divider style=\u00bbthin_solid\u00bb thickness=\u00bb10&#8243; margin_top=\u00bb0&#8243; margin_bottom=\u00bb0&#8243;][\/vc_column][\/mk_page_section][mk_page_section padding_top=\u00bb40&#8243; padding_bottom=\u00bb40&#8243; sidebar=\u00bbsidebar-1&#8243; first_page=\u00bbtrue\u00bb last_page=\u00bbtrue\u00bb][vc_column][mk_fancy_title color=\u00bb#393836&#8243; size=\u00bb30&#8243; font_style=\u00bbinhert\u00bb txt_transform=\u00bbnone\u00bb font_family=\u00bbnone\u00bb align=\u00bbcenter\u00bb] Electrocardiograma [\/mk_fancy_title][vc_accordions][vc_accordion_tab title=\u00bb\u00bfQU\u00c9 ES UN ELECTROCARDIOGRAMA?\u00bb][vc_row_inner][vc_column_inner][vc_column_text] Es un m\u00e9todo de utilidad diagn\u00f3stica, basado en el [&hellip;]<\/p>\n","protected":false},"author":3,"featured_media":0,"parent":0,"menu_order":0,"comment_status":"closed","ping_status":"closed","template":"","meta":{"_joinchat":[],"footnotes":""},"class_list":["post-868","page","type-page","status-publish","hentry"],"yoast_head":"<!-- This site is optimized with the Yoast SEO plugin v22.8 - https:\/\/yoast.com\/wordpress\/plugins\/seo\/ -->\n<title>Cardiolog\u00eda - LABORATORIO SAN JOSE<\/title>\n<meta name=\"robots\" content=\"index, follow, max-snippet:-1, max-image-preview:large, max-video-preview:-1\" \/>\n<link rel=\"canonical\" href=\"https:\/\/laboratoriosanjose.com.ar\/index.php\/cardiologia\/\" \/>\n<meta property=\"og:locale\" content=\"es_ES\" \/>\n<meta property=\"og:type\" content=\"article\" \/>\n<meta property=\"og:title\" content=\"Cardiolog\u00eda - LABORATORIO SAN JOSE\" \/>\n<meta property=\"og:description\" content=\"[mk_page_section layout_structure=\u00bbhalf_left\u00bb bg_image=\u00bb\/wp-content\/uploads\/2016\/02\/header-cardiologia-26.png\u00bb bg_color=\u00bb#0086c8&#8243; min_height=\u00bb300&#8243; full_width=\u00bbtrue\u00bb padding_top=\u00bb0&#8243; padding_bottom=\u00bb0&#8243; first_page=\u00bbtrue\u00bb last_page=\u00bbtrue\u00bb][vc_column css=\u00bb.vc_custom_1458676903962{padding-top: 120px !important;padding-bottom: 60px !important;}\u00bb][vc_column_text disable_pattern=\u00bbfalse\u00bb] CARDIOLOG\u00cdA [\/vc_column_text][\/vc_column][\/mk_page_section][mk_page_section min_height=\u00bb0&#8243; full_width=\u00bbtrue\u00bb padding_top=\u00bb0&#8243; padding_bottom=\u00bb0&#8243; sidebar=\u00bbsidebar-1&#8243; first_page=\u00bbfalse\u00bb last_page=\u00bbtrue\u00bb][vc_column][mk_divider style=\u00bbthin_solid\u00bb thickness=\u00bb10&#8243; margin_top=\u00bb0&#8243; margin_bottom=\u00bb0&#8243;][\/vc_column][\/mk_page_section][mk_page_section padding_top=\u00bb40&#8243; padding_bottom=\u00bb40&#8243; sidebar=\u00bbsidebar-1&#8243; first_page=\u00bbtrue\u00bb last_page=\u00bbtrue\u00bb][vc_column][mk_fancy_title color=\u00bb#393836&#8243; size=\u00bb30&#8243; font_style=\u00bbinhert\u00bb txt_transform=\u00bbnone\u00bb font_family=\u00bbnone\u00bb align=\u00bbcenter\u00bb] Electrocardiograma [\/mk_fancy_title][vc_accordions][vc_accordion_tab title=\u00bb\u00bfQU\u00c9 ES UN ELECTROCARDIOGRAMA?\u00bb][vc_row_inner][vc_column_inner][vc_column_text] Es un m\u00e9todo de utilidad diagn\u00f3stica, basado en el [&hellip;]\" \/>\n<meta property=\"og:url\" content=\"https:\/\/laboratoriosanjose.com.ar\/index.php\/cardiologia\/\" \/>\n<meta property=\"og:site_name\" content=\"LABORATORIO SAN JOSE\" \/>\n<meta property=\"article:publisher\" content=\"https:\/\/www.facebook.com\/p\/Laboratorio-San-Jos-100064203063178\" \/>\n<meta property=\"article:modified_time\" content=\"2024-05-06T05:11:25+00:00\" \/>\n<meta property=\"og:image\" content=\"https:\/\/laboratoriosanjose.com.ar\/wp-content\/uploads\/2024\/04\/sanjose_logo.png\" \/>\n\t<meta property=\"og:image:width\" content=\"1836\" \/>\n\t<meta property=\"og:image:height\" content=\"372\" \/>\n\t<meta property=\"og:image:type\" content=\"image\/png\" \/>\n<meta name=\"twitter:card\" content=\"summary_large_image\" \/>\n<meta name=\"twitter:label1\" content=\"Tiempo de lectura\" \/>\n\t<meta name=\"twitter:data1\" content=\"5 minutos\" \/>\n<script type=\"application\/ld+json\" class=\"yoast-schema-graph\">{\"@context\":\"https:\/\/schema.org\",\"@graph\":[{\"@type\":\"WebPage\",\"@id\":\"https:\/\/laboratoriosanjose.com.ar\/index.php\/cardiologia\/\",\"url\":\"https:\/\/laboratoriosanjose.com.ar\/index.php\/cardiologia\/\",\"name\":\"Cardiolog\u00eda - LABORATORIO SAN JOSE\",\"isPartOf\":{\"@id\":\"https:\/\/laboratoriosanjose.com.ar\/#website\"},\"datePublished\":\"2016-02-15T21:00:14+00:00\",\"dateModified\":\"2024-05-06T05:11:25+00:00\",\"breadcrumb\":{\"@id\":\"https:\/\/laboratoriosanjose.com.ar\/index.php\/cardiologia\/#breadcrumb\"},\"inLanguage\":\"es\",\"potentialAction\":[{\"@type\":\"ReadAction\",\"target\":[\"https:\/\/laboratoriosanjose.com.ar\/index.php\/cardiologia\/\"]}]},{\"@type\":\"BreadcrumbList\",\"@id\":\"https:\/\/laboratoriosanjose.com.ar\/index.php\/cardiologia\/#breadcrumb\",\"itemListElement\":[{\"@type\":\"ListItem\",\"position\":1,\"name\":\"Portada\",\"item\":\"https:\/\/laboratoriosanjose.com.ar\/\"},{\"@type\":\"ListItem\",\"position\":2,\"name\":\"Cardiolog\u00eda\"}]},{\"@type\":\"WebSite\",\"@id\":\"https:\/\/laboratoriosanjose.com.ar\/#website\",\"url\":\"https:\/\/laboratoriosanjose.com.ar\/\",\"name\":\"Laboratorio San Jos\u00e9\",\"description\":\"Laboratorio San Jos\u00e9\",\"publisher\":{\"@id\":\"https:\/\/laboratoriosanjose.com.ar\/#organization\"},\"potentialAction\":[{\"@type\":\"SearchAction\",\"target\":{\"@type\":\"EntryPoint\",\"urlTemplate\":\"https:\/\/laboratoriosanjose.com.ar\/?s={search_term_string}\"},\"query-input\":\"required name=search_term_string\"}],\"inLanguage\":\"es\"},{\"@type\":\"Organization\",\"@id\":\"https:\/\/laboratoriosanjose.com.ar\/#organization\",\"name\":\"Laboratorio San Jos\u00e9\",\"url\":\"https:\/\/laboratoriosanjose.com.ar\/\",\"logo\":{\"@type\":\"ImageObject\",\"inLanguage\":\"es\",\"@id\":\"https:\/\/laboratoriosanjose.com.ar\/#\/schema\/logo\/image\/\",\"url\":\"https:\/\/laboratoriosanjose.com.ar\/wp-content\/uploads\/2024\/04\/sanjose_logo.png\",\"contentUrl\":\"https:\/\/laboratoriosanjose.com.ar\/wp-content\/uploads\/2024\/04\/sanjose_logo.png\",\"width\":1836,\"height\":372,\"caption\":\"Laboratorio San Jos\u00e9\"},\"image\":{\"@id\":\"https:\/\/laboratoriosanjose.com.ar\/#\/schema\/logo\/image\/\"},\"sameAs\":[\"https:\/\/www.facebook.com\/p\/Laboratorio-San-Jos-100064203063178\",\"https:\/\/www.instagram.com\/laboratoriosanjose\/\"]}]}<\/script>\n<!-- \/ Yoast SEO plugin. -->","yoast_head_json":{"title":"Cardiolog\u00eda - LABORATORIO SAN JOSE","robots":{"index":"index","follow":"follow","max-snippet":"max-snippet:-1","max-image-preview":"max-image-preview:large","max-video-preview":"max-video-preview:-1"},"canonical":"https:\/\/laboratoriosanjose.com.ar\/index.php\/cardiologia\/","og_locale":"es_ES","og_type":"article","og_title":"Cardiolog\u00eda - LABORATORIO SAN JOSE","og_description":"[mk_page_section layout_structure=\u00bbhalf_left\u00bb bg_image=\u00bb\/wp-content\/uploads\/2016\/02\/header-cardiologia-26.png\u00bb bg_color=\u00bb#0086c8&#8243; min_height=\u00bb300&#8243; full_width=\u00bbtrue\u00bb padding_top=\u00bb0&#8243; padding_bottom=\u00bb0&#8243; first_page=\u00bbtrue\u00bb last_page=\u00bbtrue\u00bb][vc_column css=\u00bb.vc_custom_1458676903962{padding-top: 120px !important;padding-bottom: 60px !important;}\u00bb][vc_column_text disable_pattern=\u00bbfalse\u00bb] CARDIOLOG\u00cdA [\/vc_column_text][\/vc_column][\/mk_page_section][mk_page_section min_height=\u00bb0&#8243; full_width=\u00bbtrue\u00bb padding_top=\u00bb0&#8243; padding_bottom=\u00bb0&#8243; sidebar=\u00bbsidebar-1&#8243; first_page=\u00bbfalse\u00bb last_page=\u00bbtrue\u00bb][vc_column][mk_divider style=\u00bbthin_solid\u00bb thickness=\u00bb10&#8243; margin_top=\u00bb0&#8243; margin_bottom=\u00bb0&#8243;][\/vc_column][\/mk_page_section][mk_page_section padding_top=\u00bb40&#8243; padding_bottom=\u00bb40&#8243; sidebar=\u00bbsidebar-1&#8243; first_page=\u00bbtrue\u00bb last_page=\u00bbtrue\u00bb][vc_column][mk_fancy_title color=\u00bb#393836&#8243; size=\u00bb30&#8243; font_style=\u00bbinhert\u00bb txt_transform=\u00bbnone\u00bb font_family=\u00bbnone\u00bb align=\u00bbcenter\u00bb] Electrocardiograma [\/mk_fancy_title][vc_accordions][vc_accordion_tab title=\u00bb\u00bfQU\u00c9 ES UN ELECTROCARDIOGRAMA?\u00bb][vc_row_inner][vc_column_inner][vc_column_text] Es un m\u00e9todo de utilidad diagn\u00f3stica, basado en el [&hellip;]","og_url":"https:\/\/laboratoriosanjose.com.ar\/index.php\/cardiologia\/","og_site_name":"LABORATORIO SAN JOSE","article_publisher":"https:\/\/www.facebook.com\/p\/Laboratorio-San-Jos-100064203063178","article_modified_time":"2024-05-06T05:11:25+00:00","og_image":[{"width":1836,"height":372,"url":"https:\/\/laboratoriosanjose.com.ar\/wp-content\/uploads\/2024\/04\/sanjose_logo.png","type":"image\/png"}],"twitter_card":"summary_large_image","twitter_misc":{"Tiempo de lectura":"5 minutos"},"schema":{"@context":"https:\/\/schema.org","@graph":[{"@type":"WebPage","@id":"https:\/\/laboratoriosanjose.com.ar\/index.php\/cardiologia\/","url":"https:\/\/laboratoriosanjose.com.ar\/index.php\/cardiologia\/","name":"Cardiolog\u00eda - LABORATORIO SAN JOSE","isPartOf":{"@id":"https:\/\/laboratoriosanjose.com.ar\/#website"},"datePublished":"2016-02-15T21:00:14+00:00","dateModified":"2024-05-06T05:11:25+00:00","breadcrumb":{"@id":"https:\/\/laboratoriosanjose.com.ar\/index.php\/cardiologia\/#breadcrumb"},"inLanguage":"es","potentialAction":[{"@type":"ReadAction","target":["https:\/\/laboratoriosanjose.com.ar\/index.php\/cardiologia\/"]}]},{"@type":"BreadcrumbList","@id":"https:\/\/laboratoriosanjose.com.ar\/index.php\/cardiologia\/#breadcrumb","itemListElement":[{"@type":"ListItem","position":1,"name":"Portada","item":"https:\/\/laboratoriosanjose.com.ar\/"},{"@type":"ListItem","position":2,"name":"Cardiolog\u00eda"}]},{"@type":"WebSite","@id":"https:\/\/laboratoriosanjose.com.ar\/#website","url":"https:\/\/laboratoriosanjose.com.ar\/","name":"Laboratorio San Jos\u00e9","description":"Laboratorio San Jos\u00e9","publisher":{"@id":"https:\/\/laboratoriosanjose.com.ar\/#organization"},"potentialAction":[{"@type":"SearchAction","target":{"@type":"EntryPoint","urlTemplate":"https:\/\/laboratoriosanjose.com.ar\/?s={search_term_string}"},"query-input":"required name=search_term_string"}],"inLanguage":"es"},{"@type":"Organization","@id":"https:\/\/laboratoriosanjose.com.ar\/#organization","name":"Laboratorio San Jos\u00e9","url":"https:\/\/laboratoriosanjose.com.ar\/","logo":{"@type":"ImageObject","inLanguage":"es","@id":"https:\/\/laboratoriosanjose.com.ar\/#\/schema\/logo\/image\/","url":"https:\/\/laboratoriosanjose.com.ar\/wp-content\/uploads\/2024\/04\/sanjose_logo.png","contentUrl":"https:\/\/laboratoriosanjose.com.ar\/wp-content\/uploads\/2024\/04\/sanjose_logo.png","width":1836,"height":372,"caption":"Laboratorio San Jos\u00e9"},"image":{"@id":"https:\/\/laboratoriosanjose.com.ar\/#\/schema\/logo\/image\/"},"sameAs":["https:\/\/www.facebook.com\/p\/Laboratorio-San-Jos-100064203063178","https:\/\/www.instagram.com\/laboratoriosanjose\/"]}]}},"_links":{"self":[{"href":"https:\/\/laboratoriosanjose.com.ar\/index.php\/wp-json\/wp\/v2\/pages\/868","targetHints":{"allow":["GET"]}}],"collection":[{"href":"https:\/\/laboratoriosanjose.com.ar\/index.php\/wp-json\/wp\/v2\/pages"}],"about":[{"href":"https:\/\/laboratoriosanjose.com.ar\/index.php\/wp-json\/wp\/v2\/types\/page"}],"author":[{"embeddable":true,"href":"https:\/\/laboratoriosanjose.com.ar\/index.php\/wp-json\/wp\/v2\/users\/3"}],"replies":[{"embeddable":true,"href":"https:\/\/laboratoriosanjose.com.ar\/index.php\/wp-json\/wp\/v2\/comments?post=868"}],"version-history":[{"count":2,"href":"https:\/\/laboratoriosanjose.com.ar\/index.php\/wp-json\/wp\/v2\/pages\/868\/revisions"}],"predecessor-version":[{"id":1699,"href":"https:\/\/laboratoriosanjose.com.ar\/index.php\/wp-json\/wp\/v2\/pages\/868\/revisions\/1699"}],"wp:attachment":[{"href":"https:\/\/laboratoriosanjose.com.ar\/index.php\/wp-json\/wp\/v2\/media?parent=868"}],"curies":[{"name":"wp","href":"https:\/\/api.w.org\/{rel}","templated":true}]}}