{"id":894,"date":"2016-02-16T12:44:30","date_gmt":"2016-02-16T12:44:30","guid":{"rendered":"\/?page_id=894"},"modified":"2016-02-16T12:44:30","modified_gmt":"2016-02-16T12:44:30","slug":"radiologia-digital","status":"publish","type":"page","link":"https:\/\/laboratoriosanjose.com.ar\/index.php\/radiologia-digital\/","title":{"rendered":"RADIOLOG\u00cdA DIGITAL"},"content":{"rendered":"<div class=\"wpb-content-wrapper\">[mk_page_section layout_structure=\u00bbhalf_left\u00bb bg_image=\u00bb\/wp-content\/uploads\/2016\/02\/header-radiologia-29.png\u00bb attachment=\u00bbscroll\u00bb bg_position=\u00bbcenter bottom\u00bb bg_repeat=\u00bbno-repeat\u00bb bg_stretch=\u00bbfalse\u00bb enable_3d=\u00bbfalse\u00bb speed_factor=\u00bb0.3&#8243; bg_video=\u00bbno\u00bb video_source=\u00bbself\u00bb stream_host_website=\u00bbyoutube\u00bb video_mask=\u00bbfalse\u00bb bg_gradient=\u00bbfalse\u00bb gr_end=\u00bb#1e73be\u00bb video_opacity=\u00bb0.6&#8243; top_shadow=\u00bbfalse\u00bb section_layout=\u00bbfull\u00bb sidebar=\u00bbsidebar-1&#8243; min_height=\u00bb300&#8243; full_width=\u00bbtrue\u00bb full_height=\u00bbfalse\u00bb intro_effect=\u00bbfalse\u00bb padding_top=\u00bb0&#8243; padding_bottom=\u00bb0&#8243; margin_bottom=\u00bb0&#8243; first_page=\u00bbtrue\u00bb last_page=\u00bbtrue\u00bb bg_color=\u00bb#0086c8&#8243;][vc_column width=\u00bb1\/1&#8243; css=\u00bb.vc_custom_1458677581945{padding-top: 100px !important;padding-bottom: 60px !important;}\u00bb][vc_column_text disable_pattern=\u00bbfalse\u00bb align=\u00bbleft\u00bb margin_bottom=\u00bb0&#8243;]\n<h1><span style=\"color: #ffffff;\">RADIOLOG\u00cdA<\/span><br \/>\n<span style=\"color: #002e6c;\">DIGITAL<\/span><\/h1>\n[\/vc_column_text][\/vc_column][\/mk_page_section][mk_page_section layout_structure=\u00bbfull\u00bb attachment=\u00bbscroll\u00bb bg_position=\u00bbleft top\u00bb bg_repeat=\u00bbrepeat\u00bb bg_stretch=\u00bbfalse\u00bb enable_3d=\u00bbfalse\u00bb speed_factor=\u00bb0.3&#8243; bg_video=\u00bbno\u00bb video_source=\u00bbself\u00bb stream_host_website=\u00bbyoutube\u00bb video_mask=\u00bbfalse\u00bb bg_gradient=\u00bbfalse\u00bb gr_end=\u00bb#1e73be\u00bb video_opacity=\u00bb0.6&#8243; top_shadow=\u00bbfalse\u00bb section_layout=\u00bbfull\u00bb sidebar=\u00bbsidebar-1&#8243; min_height=\u00bb0&#8243; full_width=\u00bbtrue\u00bb full_height=\u00bbfalse\u00bb intro_effect=\u00bbfalse\u00bb padding_top=\u00bb0&#8243; padding_bottom=\u00bb0&#8243; first_page=\u00bbfalse\u00bb last_page=\u00bbtrue\u00bb][vc_column width=\u00bb1\/1&#8243;][mk_divider style=\u00bbthin_solid\u00bb divider_width=\u00bbfull_width\u00bb custom_width=\u00bb10&#8243; align=\u00bbcenter\u00bb border_color=\u00bb#0086c8&#8243; thickness=\u00bb10&#8243; margin_top=\u00bb0&#8243; margin_bottom=\u00bb0&#8243;][\/vc_column][\/mk_page_section][mk_page_section layout_structure=\u00bbfull\u00bb attachment=\u00bbscroll\u00bb bg_position=\u00bbleft top\u00bb bg_repeat=\u00bbrepeat\u00bb bg_stretch=\u00bbfalse\u00bb enable_3d=\u00bbfalse\u00bb speed_factor=\u00bb0.3&#8243; bg_video=\u00bbno\u00bb video_source=\u00bbself\u00bb stream_host_website=\u00bbyoutube\u00bb video_mask=\u00bbfalse\u00bb bg_gradient=\u00bbfalse\u00bb gr_end=\u00bb#1e73be\u00bb video_opacity=\u00bb0.6&#8243; top_shadow=\u00bbfalse\u00bb section_layout=\u00bbfull\u00bb sidebar=\u00bbsidebar-1&#8243; min_height=\u00bb10&#8243; full_width=\u00bbfalse\u00bb full_height=\u00bbfalse\u00bb intro_effect=\u00bbfalse\u00bb padding_top=\u00bb40&#8243; padding_bottom=\u00bb0&#8243; first_page=\u00bbtrue\u00bb last_page=\u00bbtrue\u00bb margin_bottom=\u00bb0&#8243;][vc_column width=\u00bb1\/1&#8243;][mk_fancy_title tag_name=\u00bbh2&#8243; style=\u00bbfalse\u00bb color=\u00bb#393836&#8243; size=\u00bb30&#8243; font_weight=\u00bbinherit\u00bb font_style=\u00bbinhert\u00bb letter_spacing=\u00bb0&#8243; margin_top=\u00bb0&#8243; margin_bottom=\u00bb20&#8243; font_family=\u00bbnone\u00bb align=\u00bbcenter\u00bb txt_transform=\u00bbnone\u00bb]\n<p>\u00bfCu\u00e1l es el beneficio de la radiolog\u00eda digital?<\/p>\n[\/mk_fancy_title][vc_column_text disable_pattern=\u00bbtrue\u00bb align=\u00bbcenter\u00bb margin_bottom=\u00bb0&#8243;]\n<p>La radiolog\u00eda digital permite reducir el tiempo del examen y brinda una mayor fidelidad otorgando im\u00e1genes m\u00e1s precisas para su diagn\u00f3stico m\u00e9dico.<\/p>\n[\/vc_column_text][\/vc_column][\/mk_page_section][mk_page_section layout_structure=\u00bbfull\u00bb attachment=\u00bbscroll\u00bb bg_position=\u00bbleft top\u00bb bg_repeat=\u00bbrepeat\u00bb bg_stretch=\u00bbfalse\u00bb enable_3d=\u00bbfalse\u00bb speed_factor=\u00bb0.3&#8243; bg_video=\u00bbno\u00bb video_source=\u00bbself\u00bb stream_host_website=\u00bbyoutube\u00bb video_mask=\u00bbfalse\u00bb bg_gradient=\u00bbfalse\u00bb gr_end=\u00bb#1e73be\u00bb video_opacity=\u00bb0.6&#8243; top_shadow=\u00bbfalse\u00bb section_layout=\u00bbfull\u00bb sidebar=\u00bbsidebar-1&#8243; min_height=\u00bb100&#8243; full_width=\u00bbfalse\u00bb full_height=\u00bbfalse\u00bb intro_effect=\u00bbfalse\u00bb padding_top=\u00bb10&#8243; padding_bottom=\u00bb10&#8243; margin_bottom=\u00bb0&#8243; first_page=\u00bbfalse\u00bb last_page=\u00bbtrue\u00bb][vc_column width=\u00bb1\/1&#8243;][mk_fancy_title tag_name=\u00bbh2&#8243; style=\u00bbfalse\u00bb color=\u00bb#393836&#8243; size=\u00bb30&#8243; font_weight=\u00bbinherit\u00bb font_style=\u00bbinhert\u00bb letter_spacing=\u00bb0&#8243; margin_top=\u00bb0&#8243; margin_bottom=\u00bb20&#8243; font_family=\u00bbnone\u00bb align=\u00bbcenter\u00bb txt_transform=\u00bbnone\u00bb]\n<p>Radiolog\u00eda simple<\/p>\n[\/mk_fancy_title][vc_column_text disable_pattern=\u00bbtrue\u00bb align=\u00bbcenter\u00bb margin_bottom=\u00bb0&#8243;]\n<p>Contamos con 3 salas de rayos totalmente equipadas para la realizaci\u00f3n de radiograf\u00edas simples.<\/p>\n[\/vc_column_text][vc_accordions heading_title=\u00bb\u00bb style=\u00bbfancy-style\u00bb action_style=\u00bbaccordion-action\u00bb open_toggle=\u00bb0&#8243; container_bg_color=\u00bb#fff\u00bb][vc_accordion_tab title=\u00bbRadiologia simple del aparato esqueletico\u00bb][vc_row_inner][vc_column_inner width=\u00bb1\/2&#8243;][vc_column_text disable_pattern=\u00bbtrue\u00bb align=\u00bbleft\u00bb margin_bottom=\u00bb0&#8243;]\u2022 Radiografias de craneo, senos paranasales<br \/>\n\u2022 Radiograf\u00edas de columna<br \/>\n\u2022 Radiografias de hombro, humero, pelvis, cadera, f\u00e9mur[\/vc_column_text][\/vc_column_inner][vc_column_inner width=\u00bb1\/2&#8243;][vc_column_text disable_pattern=\u00bbtrue\u00bb align=\u00bbleft\u00bb margin_bottom=\u00bb0&#8243;]\u2022 Radiograf\u00eda de codo, antebrazo, mu\u00f1eca, mano, dedos, rodillas, pierna, pie<br \/>\n\u2022 Medici\u00f3n comparativa de miembros inferiores o miembros superiores[\/vc_column_text][\/vc_column_inner][\/vc_row_inner][\/vc_accordion_tab][vc_accordion_tab title=\u00bbRadiologia simple del aparato respiratorio\u00bb][vc_column_text disable_pattern=\u00bbtrue\u00bb align=\u00bbleft\u00bb margin_bottom=\u00bb0&#8243;]\n<p>\u2022 Radiograf\u00edas de t\u00f3rax<\/p>\n[\/vc_column_text][\/vc_accordion_tab][vc_accordion_tab title=\u00bbRadiologia simples del abdomen\u00bb][vc_row_inner][vc_column_inner width=\u00bb1\/2&#8243;][vc_column_text disable_pattern=\u00bbtrue\u00bb align=\u00bbleft\u00bb margin_bottom=\u00bb0&#8243;]\n<p>\u2022 Radiolog\u00eda simple de abdomen<\/p>\n[\/vc_column_text][\/vc_column_inner][vc_column_inner width=\u00bb1\/2&#8243;][vc_column_text disable_pattern=\u00bbtrue\u00bb align=\u00bbleft\u00bb margin_bottom=\u00bb0&#8243;]\n<p>\u2022 Radiolog\u00eda simple del \u00e1rbol urinario<\/p>\n[\/vc_column_text][\/vc_column_inner][\/vc_row_inner][\/vc_accordion_tab][\/vc_accordions][\/vc_column][\/mk_page_section]\n<\/div>","protected":false},"excerpt":{"rendered":"<p>[mk_page_section layout_structure=\u00bbhalf_left\u00bb bg_image=\u00bb\/wp-content\/uploads\/2016\/02\/header-radiologia-29.png\u00bb attachment=\u00bbscroll\u00bb bg_position=\u00bbcenter bottom\u00bb bg_repeat=\u00bbno-repeat\u00bb bg_stretch=\u00bbfalse\u00bb enable_3d=\u00bbfalse\u00bb speed_factor=\u00bb0.3&#8243; bg_video=\u00bbno\u00bb video_source=\u00bbself\u00bb stream_host_website=\u00bbyoutube\u00bb video_mask=\u00bbfalse\u00bb bg_gradient=\u00bbfalse\u00bb gr_end=\u00bb#1e73be\u00bb video_opacity=\u00bb0.6&#8243; top_shadow=\u00bbfalse\u00bb section_layout=\u00bbfull\u00bb sidebar=\u00bbsidebar-1&#8243; min_height=\u00bb300&#8243; full_width=\u00bbtrue\u00bb full_height=\u00bbfalse\u00bb intro_effect=\u00bbfalse\u00bb padding_top=\u00bb0&#8243; padding_bottom=\u00bb0&#8243; margin_bottom=\u00bb0&#8243; first_page=\u00bbtrue\u00bb last_page=\u00bbtrue\u00bb bg_color=\u00bb#0086c8&#8243;][vc_column width=\u00bb1\/1&#8243; css=\u00bb.vc_custom_1458677581945{padding-top: 100px !important;padding-bottom: 60px !important;}\u00bb][vc_column_text disable_pattern=\u00bbfalse\u00bb align=\u00bbleft\u00bb margin_bottom=\u00bb0&#8243;] RADIOLOG\u00cdA DIGITAL [\/vc_column_text][\/vc_column][\/mk_page_section][mk_page_section layout_structure=\u00bbfull\u00bb attachment=\u00bbscroll\u00bb bg_position=\u00bbleft top\u00bb bg_repeat=\u00bbrepeat\u00bb bg_stretch=\u00bbfalse\u00bb enable_3d=\u00bbfalse\u00bb speed_factor=\u00bb0.3&#8243; bg_video=\u00bbno\u00bb video_source=\u00bbself\u00bb stream_host_website=\u00bbyoutube\u00bb video_mask=\u00bbfalse\u00bb bg_gradient=\u00bbfalse\u00bb [&hellip;]<\/p>\n","protected":false},"author":3,"featured_media":0,"parent":0,"menu_order":0,"comment_status":"closed","ping_status":"closed","template":"","meta":{"_joinchat":[],"footnotes":""},"class_list":["post-894","page","type-page","status-publish","hentry"],"yoast_head":"<!-- This site is optimized with the Yoast SEO plugin v22.8 - https:\/\/yoast.com\/wordpress\/plugins\/seo\/ -->\n<title>RADIOLOG\u00cdA DIGITAL - LABORATORIO SAN JOSE<\/title>\n<meta name=\"robots\" content=\"index, follow, max-snippet:-1, max-image-preview:large, max-video-preview:-1\" \/>\n<link rel=\"canonical\" href=\"https:\/\/laboratoriosanjose.com.ar\/index.php\/radiologia-digital\/\" \/>\n<meta property=\"og:locale\" content=\"es_ES\" \/>\n<meta property=\"og:type\" content=\"article\" \/>\n<meta property=\"og:title\" content=\"RADIOLOG\u00cdA DIGITAL - LABORATORIO SAN JOSE\" \/>\n<meta property=\"og:description\" content=\"[mk_page_section layout_structure=\u00bbhalf_left\u00bb bg_image=\u00bb\/wp-content\/uploads\/2016\/02\/header-radiologia-29.png\u00bb attachment=\u00bbscroll\u00bb bg_position=\u00bbcenter bottom\u00bb bg_repeat=\u00bbno-repeat\u00bb bg_stretch=\u00bbfalse\u00bb enable_3d=\u00bbfalse\u00bb speed_factor=\u00bb0.3&#8243; bg_video=\u00bbno\u00bb video_source=\u00bbself\u00bb stream_host_website=\u00bbyoutube\u00bb video_mask=\u00bbfalse\u00bb bg_gradient=\u00bbfalse\u00bb gr_end=\u00bb#1e73be\u00bb video_opacity=\u00bb0.6&#8243; top_shadow=\u00bbfalse\u00bb section_layout=\u00bbfull\u00bb sidebar=\u00bbsidebar-1&#8243; min_height=\u00bb300&#8243; full_width=\u00bbtrue\u00bb full_height=\u00bbfalse\u00bb intro_effect=\u00bbfalse\u00bb padding_top=\u00bb0&#8243; padding_bottom=\u00bb0&#8243; margin_bottom=\u00bb0&#8243; first_page=\u00bbtrue\u00bb last_page=\u00bbtrue\u00bb bg_color=\u00bb#0086c8&#8243;][vc_column width=\u00bb1\/1&#8243; css=\u00bb.vc_custom_1458677581945{padding-top: 100px !important;padding-bottom: 60px !important;}\u00bb][vc_column_text disable_pattern=\u00bbfalse\u00bb align=\u00bbleft\u00bb margin_bottom=\u00bb0&#8243;] RADIOLOG\u00cdA DIGITAL [\/vc_column_text][\/vc_column][\/mk_page_section][mk_page_section layout_structure=\u00bbfull\u00bb attachment=\u00bbscroll\u00bb bg_position=\u00bbleft top\u00bb bg_repeat=\u00bbrepeat\u00bb bg_stretch=\u00bbfalse\u00bb enable_3d=\u00bbfalse\u00bb speed_factor=\u00bb0.3&#8243; bg_video=\u00bbno\u00bb video_source=\u00bbself\u00bb stream_host_website=\u00bbyoutube\u00bb video_mask=\u00bbfalse\u00bb bg_gradient=\u00bbfalse\u00bb [&hellip;]\" \/>\n<meta property=\"og:url\" content=\"https:\/\/laboratoriosanjose.com.ar\/index.php\/radiologia-digital\/\" \/>\n<meta property=\"og:site_name\" content=\"LABORATORIO SAN JOSE\" \/>\n<meta property=\"article:publisher\" content=\"https:\/\/www.facebook.com\/p\/Laboratorio-San-Jos-100064203063178\" \/>\n<meta property=\"og:image\" content=\"https:\/\/laboratoriosanjose.com.ar\/wp-content\/uploads\/2024\/04\/sanjose_logo.png\" \/>\n\t<meta property=\"og:image:width\" content=\"1836\" \/>\n\t<meta property=\"og:image:height\" content=\"372\" \/>\n\t<meta property=\"og:image:type\" content=\"image\/png\" \/>\n<meta name=\"twitter:card\" content=\"summary_large_image\" \/>\n<meta name=\"twitter:label1\" content=\"Tiempo de lectura\" \/>\n\t<meta name=\"twitter:data1\" content=\"4 minutos\" \/>\n<script type=\"application\/ld+json\" class=\"yoast-schema-graph\">{\"@context\":\"https:\/\/schema.org\",\"@graph\":[{\"@type\":\"WebPage\",\"@id\":\"https:\/\/laboratoriosanjose.com.ar\/index.php\/radiologia-digital\/\",\"url\":\"https:\/\/laboratoriosanjose.com.ar\/index.php\/radiologia-digital\/\",\"name\":\"RADIOLOG\u00cdA DIGITAL - LABORATORIO SAN JOSE\",\"isPartOf\":{\"@id\":\"https:\/\/laboratoriosanjose.com.ar\/#website\"},\"datePublished\":\"2016-02-16T12:44:30+00:00\",\"dateModified\":\"2016-02-16T12:44:30+00:00\",\"breadcrumb\":{\"@id\":\"https:\/\/laboratoriosanjose.com.ar\/index.php\/radiologia-digital\/#breadcrumb\"},\"inLanguage\":\"es\",\"potentialAction\":[{\"@type\":\"ReadAction\",\"target\":[\"https:\/\/laboratoriosanjose.com.ar\/index.php\/radiologia-digital\/\"]}]},{\"@type\":\"BreadcrumbList\",\"@id\":\"https:\/\/laboratoriosanjose.com.ar\/index.php\/radiologia-digital\/#breadcrumb\",\"itemListElement\":[{\"@type\":\"ListItem\",\"position\":1,\"name\":\"Portada\",\"item\":\"https:\/\/laboratoriosanjose.com.ar\/\"},{\"@type\":\"ListItem\",\"position\":2,\"name\":\"RADIOLOG\u00cdA DIGITAL\"}]},{\"@type\":\"WebSite\",\"@id\":\"https:\/\/laboratoriosanjose.com.ar\/#website\",\"url\":\"https:\/\/laboratoriosanjose.com.ar\/\",\"name\":\"Laboratorio San Jos\u00e9\",\"description\":\"Laboratorio San Jos\u00e9\",\"publisher\":{\"@id\":\"https:\/\/laboratoriosanjose.com.ar\/#organization\"},\"potentialAction\":[{\"@type\":\"SearchAction\",\"target\":{\"@type\":\"EntryPoint\",\"urlTemplate\":\"https:\/\/laboratoriosanjose.com.ar\/?s={search_term_string}\"},\"query-input\":\"required name=search_term_string\"}],\"inLanguage\":\"es\"},{\"@type\":\"Organization\",\"@id\":\"https:\/\/laboratoriosanjose.com.ar\/#organization\",\"name\":\"Laboratorio San Jos\u00e9\",\"url\":\"https:\/\/laboratoriosanjose.com.ar\/\",\"logo\":{\"@type\":\"ImageObject\",\"inLanguage\":\"es\",\"@id\":\"https:\/\/laboratoriosanjose.com.ar\/#\/schema\/logo\/image\/\",\"url\":\"https:\/\/laboratoriosanjose.com.ar\/wp-content\/uploads\/2024\/04\/sanjose_logo.png\",\"contentUrl\":\"https:\/\/laboratoriosanjose.com.ar\/wp-content\/uploads\/2024\/04\/sanjose_logo.png\",\"width\":1836,\"height\":372,\"caption\":\"Laboratorio San Jos\u00e9\"},\"image\":{\"@id\":\"https:\/\/laboratoriosanjose.com.ar\/#\/schema\/logo\/image\/\"},\"sameAs\":[\"https:\/\/www.facebook.com\/p\/Laboratorio-San-Jos-100064203063178\",\"https:\/\/www.instagram.com\/laboratoriosanjose\/\"]}]}<\/script>\n<!-- \/ Yoast SEO plugin. -->","yoast_head_json":{"title":"RADIOLOG\u00cdA DIGITAL - LABORATORIO SAN JOSE","robots":{"index":"index","follow":"follow","max-snippet":"max-snippet:-1","max-image-preview":"max-image-preview:large","max-video-preview":"max-video-preview:-1"},"canonical":"https:\/\/laboratoriosanjose.com.ar\/index.php\/radiologia-digital\/","og_locale":"es_ES","og_type":"article","og_title":"RADIOLOG\u00cdA DIGITAL - LABORATORIO SAN JOSE","og_description":"[mk_page_section layout_structure=\u00bbhalf_left\u00bb bg_image=\u00bb\/wp-content\/uploads\/2016\/02\/header-radiologia-29.png\u00bb attachment=\u00bbscroll\u00bb bg_position=\u00bbcenter bottom\u00bb bg_repeat=\u00bbno-repeat\u00bb bg_stretch=\u00bbfalse\u00bb enable_3d=\u00bbfalse\u00bb speed_factor=\u00bb0.3&#8243; bg_video=\u00bbno\u00bb video_source=\u00bbself\u00bb stream_host_website=\u00bbyoutube\u00bb video_mask=\u00bbfalse\u00bb bg_gradient=\u00bbfalse\u00bb gr_end=\u00bb#1e73be\u00bb video_opacity=\u00bb0.6&#8243; top_shadow=\u00bbfalse\u00bb section_layout=\u00bbfull\u00bb sidebar=\u00bbsidebar-1&#8243; min_height=\u00bb300&#8243; full_width=\u00bbtrue\u00bb full_height=\u00bbfalse\u00bb intro_effect=\u00bbfalse\u00bb padding_top=\u00bb0&#8243; padding_bottom=\u00bb0&#8243; margin_bottom=\u00bb0&#8243; first_page=\u00bbtrue\u00bb last_page=\u00bbtrue\u00bb bg_color=\u00bb#0086c8&#8243;][vc_column width=\u00bb1\/1&#8243; css=\u00bb.vc_custom_1458677581945{padding-top: 100px !important;padding-bottom: 60px !important;}\u00bb][vc_column_text disable_pattern=\u00bbfalse\u00bb align=\u00bbleft\u00bb margin_bottom=\u00bb0&#8243;] RADIOLOG\u00cdA DIGITAL [\/vc_column_text][\/vc_column][\/mk_page_section][mk_page_section layout_structure=\u00bbfull\u00bb attachment=\u00bbscroll\u00bb bg_position=\u00bbleft top\u00bb bg_repeat=\u00bbrepeat\u00bb bg_stretch=\u00bbfalse\u00bb enable_3d=\u00bbfalse\u00bb speed_factor=\u00bb0.3&#8243; bg_video=\u00bbno\u00bb video_source=\u00bbself\u00bb stream_host_website=\u00bbyoutube\u00bb video_mask=\u00bbfalse\u00bb bg_gradient=\u00bbfalse\u00bb [&hellip;]","og_url":"https:\/\/laboratoriosanjose.com.ar\/index.php\/radiologia-digital\/","og_site_name":"LABORATORIO SAN JOSE","article_publisher":"https:\/\/www.facebook.com\/p\/Laboratorio-San-Jos-100064203063178","og_image":[{"width":1836,"height":372,"url":"https:\/\/laboratoriosanjose.com.ar\/wp-content\/uploads\/2024\/04\/sanjose_logo.png","type":"image\/png"}],"twitter_card":"summary_large_image","twitter_misc":{"Tiempo de lectura":"4 minutos"},"schema":{"@context":"https:\/\/schema.org","@graph":[{"@type":"WebPage","@id":"https:\/\/laboratoriosanjose.com.ar\/index.php\/radiologia-digital\/","url":"https:\/\/laboratoriosanjose.com.ar\/index.php\/radiologia-digital\/","name":"RADIOLOG\u00cdA DIGITAL - LABORATORIO SAN JOSE","isPartOf":{"@id":"https:\/\/laboratoriosanjose.com.ar\/#website"},"datePublished":"2016-02-16T12:44:30+00:00","dateModified":"2016-02-16T12:44:30+00:00","breadcrumb":{"@id":"https:\/\/laboratoriosanjose.com.ar\/index.php\/radiologia-digital\/#breadcrumb"},"inLanguage":"es","potentialAction":[{"@type":"ReadAction","target":["https:\/\/laboratoriosanjose.com.ar\/index.php\/radiologia-digital\/"]}]},{"@type":"BreadcrumbList","@id":"https:\/\/laboratoriosanjose.com.ar\/index.php\/radiologia-digital\/#breadcrumb","itemListElement":[{"@type":"ListItem","position":1,"name":"Portada","item":"https:\/\/laboratoriosanjose.com.ar\/"},{"@type":"ListItem","position":2,"name":"RADIOLOG\u00cdA DIGITAL"}]},{"@type":"WebSite","@id":"https:\/\/laboratoriosanjose.com.ar\/#website","url":"https:\/\/laboratoriosanjose.com.ar\/","name":"Laboratorio San Jos\u00e9","description":"Laboratorio San Jos\u00e9","publisher":{"@id":"https:\/\/laboratoriosanjose.com.ar\/#organization"},"potentialAction":[{"@type":"SearchAction","target":{"@type":"EntryPoint","urlTemplate":"https:\/\/laboratoriosanjose.com.ar\/?s={search_term_string}"},"query-input":"required name=search_term_string"}],"inLanguage":"es"},{"@type":"Organization","@id":"https:\/\/laboratoriosanjose.com.ar\/#organization","name":"Laboratorio San Jos\u00e9","url":"https:\/\/laboratoriosanjose.com.ar\/","logo":{"@type":"ImageObject","inLanguage":"es","@id":"https:\/\/laboratoriosanjose.com.ar\/#\/schema\/logo\/image\/","url":"https:\/\/laboratoriosanjose.com.ar\/wp-content\/uploads\/2024\/04\/sanjose_logo.png","contentUrl":"https:\/\/laboratoriosanjose.com.ar\/wp-content\/uploads\/2024\/04\/sanjose_logo.png","width":1836,"height":372,"caption":"Laboratorio San Jos\u00e9"},"image":{"@id":"https:\/\/laboratoriosanjose.com.ar\/#\/schema\/logo\/image\/"},"sameAs":["https:\/\/www.facebook.com\/p\/Laboratorio-San-Jos-100064203063178","https:\/\/www.instagram.com\/laboratoriosanjose\/"]}]}},"_links":{"self":[{"href":"https:\/\/laboratoriosanjose.com.ar\/index.php\/wp-json\/wp\/v2\/pages\/894","targetHints":{"allow":["GET"]}}],"collection":[{"href":"https:\/\/laboratoriosanjose.com.ar\/index.php\/wp-json\/wp\/v2\/pages"}],"about":[{"href":"https:\/\/laboratoriosanjose.com.ar\/index.php\/wp-json\/wp\/v2\/types\/page"}],"author":[{"embeddable":true,"href":"https:\/\/laboratoriosanjose.com.ar\/index.php\/wp-json\/wp\/v2\/users\/3"}],"replies":[{"embeddable":true,"href":"https:\/\/laboratoriosanjose.com.ar\/index.php\/wp-json\/wp\/v2\/comments?post=894"}],"version-history":[{"count":0,"href":"https:\/\/laboratoriosanjose.com.ar\/index.php\/wp-json\/wp\/v2\/pages\/894\/revisions"}],"wp:attachment":[{"href":"https:\/\/laboratoriosanjose.com.ar\/index.php\/wp-json\/wp\/v2\/media?parent=894"}],"curies":[{"name":"wp","href":"https:\/\/api.w.org\/{rel}","templated":true}]}}